{"id":7173,"date":"2025-05-15T06:54:05","date_gmt":"2025-05-15T06:54:05","guid":{"rendered":"https:\/\/www.travelike.it\/expedia\/"},"modified":"2025-06-04T12:36:36","modified_gmt":"2025-06-04T12:36:36","slug":"expedia","status":"publish","type":"page","link":"https:\/\/www.roomcloud.net\/es\/que-es-channel-manager\/ota\/expedia\/","title":{"rendered":"Expedia"},"content":{"rendered":"\t\t<div data-elementor-type=\"wp-page\" data-elementor-id=\"7173\" class=\"elementor elementor-7173 elementor-3280\" data-elementor-post-type=\"page\">\n\t\t\t\t<div class=\"elementor-element elementor-element-cbcdcb1 e-flex e-con-boxed e-con e-parent\" data-id=\"cbcdcb1\" data-element_type=\"container\" data-e-type=\"container\">\n\t\t\t\t\t<div class=\"e-con-inner\">\n\t\t\t\t<div class=\"elementor-element elementor-element-319a7dc6 elementor-widget elementor-widget-spacer\" data-id=\"319a7dc6\" data-element_type=\"widget\" data-e-type=\"widget\" data-widget_type=\"spacer.default\">\n\t\t\t\t<div class=\"elementor-widget-container\">\n\t\t\t\t\t\t\t<div class=\"elementor-spacer\">\n\t\t\t<div class=\"elementor-spacer-inner\"><\/div>\n\t\t<\/div>\n\t\t\t\t\t\t<\/div>\n\t\t\t\t<\/div>\n\t\t\t\t\t<\/div>\n\t\t\t\t<\/div>\n\t\t<div class=\"elementor-element elementor-element-3df75f0f e-flex e-con-boxed e-con e-parent\" data-id=\"3df75f0f\" data-element_type=\"container\" data-e-type=\"container\">\n\t\t\t\t\t<div class=\"e-con-inner\">\n\t\t\t\t<div class=\"elementor-element elementor-element-6cd3b246 elementor-widget elementor-widget-heading\" data-id=\"6cd3b246\" data-element_type=\"widget\" data-e-type=\"widget\" data-widget_type=\"heading.default\">\n\t\t\t\t<div class=\"elementor-widget-container\">\n\t\t\t\t\t<div class=\"elementor-heading-title elementor-size-default\">Gestor de canales<\/div>\t\t\t\t<\/div>\n\t\t\t\t<\/div>\n\t\t\t\t<div class=\"elementor-element elementor-element-84a207d elementor-widget__width-initial elementor-widget elementor-widget-heading\" data-id=\"84a207d\" data-element_type=\"widget\" data-e-type=\"widget\" data-widget_type=\"heading.default\">\n\t\t\t\t<div class=\"elementor-widget-container\">\n\t\t\t\t\t<h1 class=\"elementor-heading-title elementor-size-default\">Expedia Channel Manager: las ventajas de una conexi\u00f3n certificada<\/h1>\t\t\t\t<\/div>\n\t\t\t\t<\/div>\n\t\t\t\t<div class=\"elementor-element elementor-element-78440f58 elementor-widget elementor-widget-text-editor\" data-id=\"78440f58\" data-element_type=\"widget\" data-e-type=\"widget\" data-widget_type=\"text-editor.default\">\n\t\t\t\t<div class=\"elementor-widget-container\">\n\t\t\t\t\t\t\t\t\t<p>Gestiona toda la informaci\u00f3n de tu inmueble de forma sencilla e inmediata.<\/p>\t\t\t\t\t\t\t\t<\/div>\n\t\t\t\t<\/div>\n\t\t\t\t\t<\/div>\n\t\t\t\t<\/div>\n\t\t<div class=\"elementor-element elementor-element-57cb4b05 e-flex e-con-boxed e-con e-parent\" data-id=\"57cb4b05\" data-element_type=\"container\" data-e-type=\"container\">\n\t\t\t\t\t<div class=\"e-con-inner\">\n\t\t<div class=\"elementor-element elementor-element-19f4a4c7 e-con-full e-flex e-con e-child\" data-id=\"19f4a4c7\" data-element_type=\"container\" data-e-type=\"container\" data-settings=\"{&quot;background_background&quot;:&quot;classic&quot;}\">\n\t\t\t\t<\/div>\n\t\t<div class=\"elementor-element elementor-element-66af8c44 e-con-full e-flex e-con e-child\" data-id=\"66af8c44\" data-element_type=\"container\" data-e-type=\"container\" data-settings=\"{&quot;background_background&quot;:&quot;classic&quot;}\">\n\t\t<div class=\"elementor-element elementor-element-297fb4bd e-con-full e-flex e-con e-child\" data-id=\"297fb4bd\" data-element_type=\"container\" data-e-type=\"container\" data-settings=\"{&quot;background_background&quot;:&quot;classic&quot;}\">\n\t\t<div class=\"elementor-element elementor-element-7bad707f e-con-full e-flex e-con e-child\" data-id=\"7bad707f\" data-element_type=\"container\" data-e-type=\"container\">\n\t\t\t\t<div class=\"elementor-element elementor-element-a67dabe elementor-widget elementor-widget-heading\" data-id=\"a67dabe\" data-element_type=\"widget\" data-e-type=\"widget\" data-widget_type=\"heading.default\">\n\t\t\t\t<div class=\"elementor-widget-container\">\n\t\t\t\t\t<div class=\"elementor-heading-title elementor-size-default\">Para hoteles y apartamentos<\/div>\t\t\t\t<\/div>\n\t\t\t\t<\/div>\n\t\t\t\t<\/div>\n\t\t\t\t<div class=\"elementor-element elementor-element-93888a6 elementor-widget elementor-widget-heading\" data-id=\"93888a6\" data-element_type=\"widget\" data-e-type=\"widget\" data-widget_type=\"heading.default\">\n\t\t\t\t<div class=\"elementor-widget-container\">\n\t\t\t\t\t<h2 class=\"elementor-heading-title elementor-size-default\">\u00a1Gestiona toda la informaci\u00f3n directamente desde el panel de control de tu gestor de canales!<\/h2>\t\t\t\t<\/div>\n\t\t\t\t<\/div>\n\t\t\t\t<div class=\"elementor-element elementor-element-ca86ca3 elementor-widget elementor-widget-text-editor\" data-id=\"ca86ca3\" data-element_type=\"widget\" data-e-type=\"widget\" data-widget_type=\"text-editor.default\">\n\t\t\t\t<div class=\"elementor-widget-container\">\n\t\t\t\t\t\t\t\t\t<p>RoomCloud Channel Manager es un socio certificado de Expedia con una conexi\u00f3n XML oficial bidireccional. Esto significa que puedes gestionar toda la informaci\u00f3n de tu propiedad de forma sencilla e inmediata. \u00a1Todo directamente desde el panel de control de tu gestor de canales!  <\/p>\t\t\t\t\t\t\t\t<\/div>\n\t\t\t\t<\/div>\n\t\t\t\t<\/div>\n\t\t\t\t<\/div>\n\t\t\t\t\t<\/div>\n\t\t\t\t<\/div>\n\t\t<div class=\"elementor-element elementor-element-5372fdbc elementor-hidden-tablet e-flex e-con-boxed e-con e-parent\" data-id=\"5372fdbc\" data-element_type=\"container\" data-e-type=\"container\">\n\t\t\t\t\t<div class=\"e-con-inner\">\n\t\t\t\t<div class=\"elementor-element elementor-element-6c6945d1 elementor-widget elementor-widget-spacer\" data-id=\"6c6945d1\" data-element_type=\"widget\" data-e-type=\"widget\" data-widget_type=\"spacer.default\">\n\t\t\t\t<div class=\"elementor-widget-container\">\n\t\t\t\t\t\t\t<div class=\"elementor-spacer\">\n\t\t\t<div class=\"elementor-spacer-inner\"><\/div>\n\t\t<\/div>\n\t\t\t\t\t\t<\/div>\n\t\t\t\t<\/div>\n\t\t\t\t\t<\/div>\n\t\t\t\t<\/div>\n\t\t<div class=\"elementor-element elementor-element-5abf76c e-flex e-con-boxed e-con e-parent\" data-id=\"5abf76c\" data-element_type=\"container\" data-e-type=\"container\">\n\t\t\t\t\t<div class=\"e-con-inner\">\n\t\t<div class=\"elementor-element elementor-element-1548013f e-con-full e-flex e-con e-child\" data-id=\"1548013f\" data-element_type=\"container\" data-e-type=\"container\">\n\t\t\t\t<div class=\"elementor-element elementor-element-7781a85 elementor-widget__width-initial elementor-widget-mobile__width-initial elementor-widget elementor-widget-heading\" data-id=\"7781a85\" data-element_type=\"widget\" data-e-type=\"widget\" data-widget_type=\"heading.default\">\n\t\t\t\t<div class=\"elementor-widget-container\">\n\t\t\t\t\t<h2 class=\"elementor-heading-title elementor-size-default\">\u00bfQu\u00e9 es Expedia y por qu\u00e9 registrar tu propiedad?<\/h2>\t\t\t\t<\/div>\n\t\t\t\t<\/div>\n\t\t\t\t<\/div>\n\t\t<div class=\"elementor-element elementor-element-30d0255a e-con-full e-flex e-con e-child\" data-id=\"30d0255a\" data-element_type=\"container\" data-e-type=\"container\">\n\t\t\t\t<div class=\"elementor-element elementor-element-15964c80 elementor-widget elementor-widget-text-editor\" data-id=\"15964c80\" data-element_type=\"widget\" data-e-type=\"widget\" data-widget_type=\"text-editor.default\">\n\t\t\t\t<div class=\"elementor-widget-container\">\n\t\t\t\t\t\t\t\t\t<p>Expedia Inc. es una empresa de viajes online que agrupa portales como Expedia.com, Vrbo, Hotels.com, Orbitz, Travelocity Hotwire Group y el metabuscador trivago.<br>En concreto, Expedia.com es la principal OTA utilizada en Estados Unidos y la segunda en Europa (despu\u00e9s de Booking.com).<br>Por eso, estar presente en Expedia garantiza que todo tipo de propiedad tenga visibilidad global. Hoteles, apartamentos, b&amp;bs, albergues, casas de vacaciones pueden mostrar sus anuncios a 60 millones de visitantes cada mes. <\/p><p>Por \u00faltimo, pocos portales en el mundo pueden igualar a Expedia en t\u00e9rminos de publicidad y comunicaci\u00f3n. Al registrar su propiedad en el portal, podr\u00e1 beneficiarse de las inversiones realizadas por la empresa y vender su alojamiento a millones de hu\u00e9spedes potenciales. <\/p>\t\t\t\t\t\t\t\t<\/div>\n\t\t\t\t<\/div>\n\t\t\t\t<\/div>\n\t\t\t\t\t<\/div>\n\t\t\t\t<\/div>\n\t\t<div class=\"elementor-element elementor-element-4c4dbb0c e-flex e-con-boxed e-con e-parent\" data-id=\"4c4dbb0c\" data-element_type=\"container\" data-e-type=\"container\" data-settings=\"{&quot;background_background&quot;:&quot;classic&quot;}\">\n\t\t\t\t\t<div class=\"e-con-inner\">\n\t\t<div class=\"elementor-element elementor-element-389f4ec0 e-con-full e-flex e-con e-child\" data-id=\"389f4ec0\" data-element_type=\"container\" data-e-type=\"container\" data-settings=\"{&quot;background_background&quot;:&quot;classic&quot;}\">\n\t\t<div class=\"elementor-element elementor-element-288dd6bb e-con-full e-flex e-con e-child\" data-id=\"288dd6bb\" data-element_type=\"container\" data-e-type=\"container\">\n\t\t\t\t<div class=\"elementor-element elementor-element-625afbec elementor-widget-mobile__width-initial elementor-widget elementor-widget-heading\" data-id=\"625afbec\" data-element_type=\"widget\" data-e-type=\"widget\" data-widget_type=\"heading.default\">\n\t\t\t\t<div class=\"elementor-widget-container\">\n\t\t\t\t\t<h2 class=\"elementor-heading-title elementor-size-default\">Las ventajas de la conexi\u00f3n entre Expedia y el Channel Manager<\/h2>\t\t\t\t<\/div>\n\t\t\t\t<\/div>\n\t\t\t\t<div class=\"elementor-element elementor-element-5e50b682 elementor-widget elementor-widget-text-editor\" data-id=\"5e50b682\" data-element_type=\"widget\" data-e-type=\"widget\" data-widget_type=\"text-editor.default\">\n\t\t\t\t<div class=\"elementor-widget-container\">\n\t\t\t\t\t\t\t\t\tLa conexi\u00f3n bidireccional entre RoomCloud y el portal garantiza:\n<ul>\n \t<li>Actualizaci\u00f3n simult\u00e1nea de tarifas, disponibilidad y detalles de la propiedad en ambas direcciones.<\/li>\n \t<li>Reducci\u00f3n de overbooking gracias a la rapidez en el env\u00edo de cambios.<\/li>\n \t<li>Env\u00eda contenido como fotos y descripciones desde el gestor de canales con solo unos clics.<\/li>\n \t<li>Gesti\u00f3n de rese\u00f1as directamente desde una secci\u00f3n espec\u00edfica del gestor de canales.<\/li>\n \t<li>Posibilidad de crear promociones en el portal desde un men\u00fa en RoomCloud.<\/li>\n \t<li>Incorporaci\u00f3n r\u00e1pida y sencilla\nSoporte receptivo disponible 7\/7 para cualquier necesidad<\/li>\n<\/ul>\t\t\t\t\t\t\t\t<\/div>\n\t\t\t\t<\/div>\n\t\t\t\t<\/div>\n\t\t<div class=\"elementor-element elementor-element-158f6e32 e-con-full e-flex e-con e-child\" data-id=\"158f6e32\" data-element_type=\"container\" data-e-type=\"container\" data-settings=\"{&quot;background_background&quot;:&quot;classic&quot;}\">\n\t\t\t\t<\/div>\n\t\t\t\t<\/div>\n\t\t\t\t\t<\/div>\n\t\t\t\t<\/div>\n\t\t<div class=\"elementor-element elementor-element-32a0d8ac elementor-hidden-mobile e-flex e-con-boxed e-con e-parent\" data-id=\"32a0d8ac\" data-element_type=\"container\" data-e-type=\"container\">\n\t\t\t\t\t<div class=\"e-con-inner\">\n\t\t\t\t<div class=\"elementor-element elementor-element-4c39c8d1 elementor-widget elementor-widget-spacer\" data-id=\"4c39c8d1\" data-element_type=\"widget\" data-e-type=\"widget\" data-widget_type=\"spacer.default\">\n\t\t\t\t<div class=\"elementor-widget-container\">\n\t\t\t\t\t\t\t<div class=\"elementor-spacer\">\n\t\t\t<div class=\"elementor-spacer-inner\"><\/div>\n\t\t<\/div>\n\t\t\t\t\t\t<\/div>\n\t\t\t\t<\/div>\n\t\t\t\t\t<\/div>\n\t\t\t\t<\/div>\n\t\t<div class=\"elementor-element elementor-element-35d9cfb e-flex e-con-boxed e-con e-parent\" data-id=\"35d9cfb\" data-element_type=\"container\" data-e-type=\"container\">\n\t\t\t\t\t<div class=\"e-con-inner\">\n\t\t<div class=\"elementor-element elementor-element-ae140e0 e-con-full e-flex e-con e-child\" data-id=\"ae140e0\" data-element_type=\"container\" data-e-type=\"container\" data-settings=\"{&quot;background_background&quot;:&quot;classic&quot;}\">\n\t\t\t\t<\/div>\n\t\t<div class=\"elementor-element elementor-element-158f480 e-con-full e-flex e-con e-child\" data-id=\"158f480\" data-element_type=\"container\" data-e-type=\"container\" data-settings=\"{&quot;background_background&quot;:&quot;classic&quot;}\">\n\t\t<div class=\"elementor-element elementor-element-6913d65 e-con-full e-flex e-con e-child\" data-id=\"6913d65\" data-element_type=\"container\" data-e-type=\"container\" data-settings=\"{&quot;background_background&quot;:&quot;classic&quot;}\">\n\t\t\t\t<div class=\"elementor-element elementor-element-529c976 elementor-widget elementor-widget-heading\" data-id=\"529c976\" data-element_type=\"widget\" data-e-type=\"widget\" data-widget_type=\"heading.default\">\n\t\t\t\t<div class=\"elementor-widget-container\">\n\t\t\t\t\t<h3 class=\"elementor-heading-title elementor-size-default\">Lo que puedes sincronizar con el Gestor de Canales en Expedia.<\/h3>\t\t\t\t<\/div>\n\t\t\t\t<\/div>\n\t\t\t\t<div class=\"elementor-element elementor-element-fcc505b elementor-widget elementor-widget-text-editor\" data-id=\"fcc505b\" data-element_type=\"widget\" data-e-type=\"widget\" data-widget_type=\"text-editor.default\">\n\t\t\t\t<div class=\"elementor-widget-container\">\n\t\t\t\t\t\t\t\t\tGracias a la conexi\u00f3n certificada, ser\u00e1 mucho m\u00e1s f\u00e1cil gestionar la distribuci\u00f3n de contenidos en el portal.<strong><\/a><\/strong> \t\t\t\t\t\t\t\t<\/div>\n\t\t\t\t<\/div>\n\t\t\t\t<\/div>\n\t\t\t\t<\/div>\n\t\t\t\t\t<\/div>\n\t\t\t\t<\/div>\n\t\t<div class=\"elementor-element elementor-element-4f927795 e-flex e-con-boxed e-con e-parent\" data-id=\"4f927795\" data-element_type=\"container\" data-e-type=\"container\">\n\t\t\t\t\t<div class=\"e-con-inner\">\n\t\t\t\t<div class=\"elementor-element elementor-element-29ee7ec0 elementor-hidden-tablet elementor-widget elementor-widget-spacer\" data-id=\"29ee7ec0\" data-element_type=\"widget\" data-e-type=\"widget\" data-widget_type=\"spacer.default\">\n\t\t\t\t<div class=\"elementor-widget-container\">\n\t\t\t\t\t\t\t<div class=\"elementor-spacer\">\n\t\t\t<div class=\"elementor-spacer-inner\"><\/div>\n\t\t<\/div>\n\t\t\t\t\t\t<\/div>\n\t\t\t\t<\/div>\n\t\t\t\t\t<\/div>\n\t\t\t\t<\/div>\n\t\t<div class=\"elementor-element elementor-element-1a5bdeb6 e-flex e-con-boxed e-con e-parent\" data-id=\"1a5bdeb6\" data-element_type=\"container\" data-e-type=\"container\">\n\t\t\t\t\t<div class=\"e-con-inner\">\n\t\t<div class=\"elementor-element elementor-element-6ee71d51 e-con-full e-flex e-con e-child\" data-id=\"6ee71d51\" data-element_type=\"container\" data-e-type=\"container\">\n\t\t\t\t<div class=\"elementor-element elementor-element-25ac0b6d elementor-widget__width-initial elementor-widget-mobile__width-initial elementor-widget elementor-widget-heading\" data-id=\"25ac0b6d\" data-element_type=\"widget\" data-e-type=\"widget\" data-widget_type=\"heading.default\">\n\t\t\t\t<div class=\"elementor-widget-container\">\n\t\t\t\t\t<h2 class=\"elementor-heading-title elementor-size-default\">\u00bfC\u00f3mo funciona la actualizaci\u00f3n de la informaci\u00f3n desde el gestor de canales de Expedia?<\/h2>\t\t\t\t<\/div>\n\t\t\t\t<\/div>\n\t\t\t\t<\/div>\n\t\t<div class=\"elementor-element elementor-element-1ed34b0d e-con-full e-flex e-con e-child\" data-id=\"1ed34b0d\" data-element_type=\"container\" data-e-type=\"container\">\n\t\t\t\t<div class=\"elementor-element elementor-element-d6482ba elementor-widget elementor-widget-text-editor\" data-id=\"d6482ba\" data-element_type=\"widget\" data-e-type=\"widget\" data-widget_type=\"text-editor.default\">\n\t\t\t\t<div class=\"elementor-widget-container\">\n\t\t\t\t\t\t\t\t\tLos detalles de su propiedad (como precios, inventario, im\u00e1genes y textos) se actualizan mediante el <strong>m\u00e9todo Push<\/strong>. Esto significa que los cambios son enviados por el gestor de canales al portal, sin sobrescribir los datos que ya est\u00e1n en l\u00ednea. \n\nEste m\u00e9todo es opuesto al <strong>m\u00e9todo Pull,<\/strong> que se utiliza en su lugar para la conexi\u00f3n certificada con Vrbo. En este caso, cada vez que se realiza un cambio en el gestor de canales, Vrbo descarga (Pull) la informaci\u00f3n del portal, sobrescribiendo los datos ya presentes. \t\t\t\t\t\t\t\t<\/div>\n\t\t\t\t<\/div>\n\t\t\t\t<\/div>\n\t\t\t\t\t<\/div>\n\t\t\t\t<\/div>\n\t\t<div class=\"elementor-element elementor-element-3554ff30 elementor-hidden-tablet e-flex e-con-boxed e-con e-parent\" data-id=\"3554ff30\" data-element_type=\"container\" data-e-type=\"container\">\n\t\t\t\t\t<div class=\"e-con-inner\">\n\t\t\t\t<div class=\"elementor-element elementor-element-1a21a84d elementor-widget elementor-widget-spacer\" data-id=\"1a21a84d\" data-element_type=\"widget\" data-e-type=\"widget\" data-widget_type=\"spacer.default\">\n\t\t\t\t<div class=\"elementor-widget-container\">\n\t\t\t\t\t\t\t<div class=\"elementor-spacer\">\n\t\t\t<div class=\"elementor-spacer-inner\"><\/div>\n\t\t<\/div>\n\t\t\t\t\t\t<\/div>\n\t\t\t\t<\/div>\n\t\t\t\t\t<\/div>\n\t\t\t\t<\/div>\n\t\t<div class=\"elementor-element elementor-element-1d1746af e-flex e-con-boxed e-con e-parent\" data-id=\"1d1746af\" data-element_type=\"container\" data-e-type=\"container\">\n\t\t\t\t\t<div class=\"e-con-inner\">\n\t\t<div class=\"elementor-element elementor-element-12c9bfad e-con-full e-flex e-con e-child\" data-id=\"12c9bfad\" data-element_type=\"container\" data-e-type=\"container\" data-settings=\"{&quot;background_background&quot;:&quot;classic&quot;}\">\n\t\t\t\t<\/div>\n\t\t\t\t\t<\/div>\n\t\t\t\t<\/div>\n\t\t<div class=\"elementor-element elementor-element-42344bbe e-flex e-con-boxed e-con e-parent\" data-id=\"42344bbe\" data-element_type=\"container\" data-e-type=\"container\">\n\t\t\t\t\t<div class=\"e-con-inner\">\n\t\t\t\t<div class=\"elementor-element elementor-element-258e2682 elementor-widget elementor-widget-spacer\" data-id=\"258e2682\" data-element_type=\"widget\" data-e-type=\"widget\" data-widget_type=\"spacer.default\">\n\t\t\t\t<div class=\"elementor-widget-container\">\n\t\t\t\t\t\t\t<div class=\"elementor-spacer\">\n\t\t\t<div class=\"elementor-spacer-inner\"><\/div>\n\t\t<\/div>\n\t\t\t\t\t\t<\/div>\n\t\t\t\t<\/div>\n\t\t\t\t\t<\/div>\n\t\t\t\t<\/div>\n\t\t<div class=\"elementor-element elementor-element-d80cc47 e-flex e-con-boxed e-con e-parent\" data-id=\"d80cc47\" data-element_type=\"container\" data-e-type=\"container\">\n\t\t\t\t\t<div class=\"e-con-inner\">\n\t\t\t\t<div class=\"elementor-element elementor-element-8971dee elementor-widget elementor-widget-heading\" data-id=\"8971dee\" data-element_type=\"widget\" data-e-type=\"widget\" data-widget_type=\"heading.default\">\n\t\t\t\t<div class=\"elementor-widget-container\">\n\t\t\t\t\t<h2 class=\"elementor-heading-title elementor-size-default\">Expedia y los Gestores de Canales: Aumentar la visibilidad global de tu propiedad<\/h2>\t\t\t\t<\/div>\n\t\t\t\t<\/div>\n\t\t\t\t<div class=\"elementor-element elementor-element-a3b429e elementor-grid-5 elementor-grid-tablet-2 elementor-grid-mobile-1 elementor-widget elementor-widget-loop-grid\" data-id=\"a3b429e\" data-element_type=\"widget\" data-e-type=\"widget\" data-settings=\"{&quot;template_id&quot;:3669,&quot;columns&quot;:5,&quot;_skin&quot;:&quot;post&quot;,&quot;columns_tablet&quot;:&quot;2&quot;,&quot;columns_mobile&quot;:&quot;1&quot;,&quot;edit_handle_selector&quot;:&quot;[data-elementor-type=\\&quot;loop-item\\&quot;]&quot;,&quot;row_gap&quot;:{&quot;unit&quot;:&quot;px&quot;,&quot;size&quot;:&quot;&quot;,&quot;sizes&quot;:[]},&quot;row_gap_tablet&quot;:{&quot;unit&quot;:&quot;px&quot;,&quot;size&quot;:&quot;&quot;,&quot;sizes&quot;:[]},&quot;row_gap_mobile&quot;:{&quot;unit&quot;:&quot;px&quot;,&quot;size&quot;:&quot;&quot;,&quot;sizes&quot;:[]}}\" data-widget_type=\"loop-grid.post\">\n\t\t\t\t<div class=\"elementor-widget-container\">\n\t\t\t\t\t\t\t<div class=\"elementor-loop-container elementor-grid\" role=\"list\">\n\t\t<style id=\"loop-3669\">.elementor-3669 .elementor-element.elementor-element-3e1d887{--display:flex;--flex-direction:column;--container-widget-width:100%;--container-widget-height:initial;--container-widget-flex-grow:0;--container-widget-align-self:initial;--flex-wrap-mobile:wrap;--gap:8px 8px;--row-gap:8px;--column-gap:8px;--padding-top:10px;--padding-bottom:10px;--padding-left:10px;--padding-right:10px;}.elementor-3669 .elementor-element.elementor-element-2667161 .elementor-heading-title{font-size:14px;}<\/style>\t\t<div data-elementor-type=\"loop-item\" data-elementor-id=\"3669\" class=\"elementor elementor-3669 e-loop-item e-loop-item-7027 post-7027 post type-post status-publish format-standard has-post-thumbnail hentry category-expedia-es category-noticias\" data-elementor-post-type=\"elementor_library\" data-custom-edit-handle=\"1\">\n\t\t\t<div class=\"elementor-element elementor-element-3e1d887 e-flex e-con-boxed e-con e-parent\" data-id=\"3e1d887\" data-element_type=\"container\" data-e-type=\"container\">\n\t\t\t\t\t<div class=\"e-con-inner\">\n\t\t\t\t<div class=\"elementor-element elementor-element-8e0ed18 elementor-widget elementor-widget-theme-post-featured-image elementor-widget-image\" data-id=\"8e0ed18\" data-element_type=\"widget\" data-e-type=\"widget\" data-widget_type=\"theme-post-featured-image.default\">\n\t\t\t\t<div class=\"elementor-widget-container\">\n\t\t\t\t\t\t\t\t\t\t\t\t\t\t\t\t<a href=\"https:\/\/www.roomcloud.net\/es\/what-is-channel-manager\/ota\/expedia\/tarifas-reembolsables\/\">\n\t\t\t\t\t\t\t<img fetchpriority=\"high\" decoding=\"async\" width=\"800\" height=\"400\" src=\"https:\/\/www.roomcloud.net\/wp-content\/uploads\/2025\/04\/307-refundable-expedia-1024x512.jpg\" class=\"attachment-large size-large wp-image-6418\" alt=\"refundable expedia\" srcset=\"https:\/\/www.roomcloud.net\/wp-content\/uploads\/2025\/04\/307-refundable-expedia-1024x512.jpg 1024w, https:\/\/www.roomcloud.net\/wp-content\/uploads\/2025\/04\/307-refundable-expedia-300x150.jpg 300w, https:\/\/www.roomcloud.net\/wp-content\/uploads\/2025\/04\/307-refundable-expedia-768x384.jpg 768w, https:\/\/www.roomcloud.net\/wp-content\/uploads\/2025\/04\/307-refundable-expedia.jpg 1200w\" sizes=\"(max-width: 800px) 100vw, 800px\" \/>\t\t\t\t\t\t\t\t<\/a>\n\t\t\t\t\t\t\t\t\t\t\t\t\t\t\t<\/div>\n\t\t\t\t<\/div>\n\t\t\t\t\t<\/div>\n\t\t\t\t<\/div>\n\t\t\t\t<\/div>\n\t\t\t\t<div data-elementor-type=\"loop-item\" data-elementor-id=\"3669\" class=\"elementor elementor-3669 e-loop-item e-loop-item-7138 post-7138 post type-post status-publish format-standard has-post-thumbnail hentry category-expedia-es category-noticias\" data-elementor-post-type=\"elementor_library\" data-custom-edit-handle=\"1\">\n\t\t\t<div class=\"elementor-element elementor-element-3e1d887 e-flex e-con-boxed e-con e-parent\" data-id=\"3e1d887\" data-element_type=\"container\" data-e-type=\"container\">\n\t\t\t\t\t<div class=\"e-con-inner\">\n\t\t\t\t<div class=\"elementor-element elementor-element-8e0ed18 elementor-widget elementor-widget-theme-post-featured-image elementor-widget-image\" data-id=\"8e0ed18\" data-element_type=\"widget\" data-e-type=\"widget\" data-widget_type=\"theme-post-featured-image.default\">\n\t\t\t\t<div class=\"elementor-widget-container\">\n\t\t\t\t\t\t\t\t\t\t\t\t\t\t\t\t<a href=\"https:\/\/www.roomcloud.net\/es\/what-is-channel-manager\/ota\/expedia\/certified-connection-benefits\/\">\n\t\t\t\t\t\t\t<img decoding=\"async\" width=\"800\" height=\"400\" src=\"https:\/\/www.roomcloud.net\/wp-content\/uploads\/2025\/04\/310-Expedia-Channel-Manager-1024x512.jpg\" class=\"attachment-large size-large wp-image-6427\" alt=\"Channel Manager Expedia\" srcset=\"https:\/\/www.roomcloud.net\/wp-content\/uploads\/2025\/04\/310-Expedia-Channel-Manager-1024x512.jpg 1024w, https:\/\/www.roomcloud.net\/wp-content\/uploads\/2025\/04\/310-Expedia-Channel-Manager-300x150.jpg 300w, https:\/\/www.roomcloud.net\/wp-content\/uploads\/2025\/04\/310-Expedia-Channel-Manager-768x384.jpg 768w, https:\/\/www.roomcloud.net\/wp-content\/uploads\/2025\/04\/310-Expedia-Channel-Manager.jpg 1200w\" sizes=\"(max-width: 800px) 100vw, 800px\" \/>\t\t\t\t\t\t\t\t<\/a>\n\t\t\t\t\t\t\t\t\t\t\t\t\t\t\t<\/div>\n\t\t\t\t<\/div>\n\t\t\t\t\t<\/div>\n\t\t\t\t<\/div>\n\t\t\t\t<\/div>\n\t\t\t\t<\/div>\n\t\t\n\t\t\t\t\t\t<\/div>\n\t\t\t\t<\/div>\n\t\t\t\t\t<\/div>\n\t\t\t\t<\/div>\n\t\t<div class=\"elementor-element elementor-element-61c676a e-flex e-con-boxed e-con e-parent\" data-id=\"61c676a\" data-element_type=\"container\" data-e-type=\"container\">\n\t\t\t\t\t<div class=\"e-con-inner\">\n\t\t\t\t<div class=\"elementor-element elementor-element-c659f16 elementor-widget elementor-widget-spacer\" data-id=\"c659f16\" data-element_type=\"widget\" data-e-type=\"widget\" data-widget_type=\"spacer.default\">\n\t\t\t\t<div class=\"elementor-widget-container\">\n\t\t\t\t\t\t\t<div class=\"elementor-spacer\">\n\t\t\t<div class=\"elementor-spacer-inner\"><\/div>\n\t\t<\/div>\n\t\t\t\t\t\t<\/div>\n\t\t\t\t<\/div>\n\t\t\t\t\t<\/div>\n\t\t\t\t<\/div>\n\t\t\t\t<\/div>\n\t\t","protected":false},"excerpt":{"rendered":"<p>Gestor de canales Expedia Channel Manager: las ventajas de una conexi\u00f3n certificada Gestiona toda la informaci\u00f3n de tu inmueble de forma sencilla e inmediata. Para hoteles y apartamentos \u00a1Gestiona toda la informaci\u00f3n directamente desde el panel de control de tu gestor de canales! RoomCloud Channel Manager es un socio certificado de Expedia con una conexi\u00f3n [&hellip;]<\/p>\n","protected":false},"author":1,"featured_media":5566,"parent":7256,"menu_order":0,"comment_status":"closed","ping_status":"closed","template":"","meta":{"inline_featured_image":false,"footnotes":""},"class_list":["post-7173","page","type-page","status-publish","has-post-thumbnail","hentry"],"_links":{"self":[{"href":"https:\/\/www.roomcloud.net\/es\/wp-json\/wp\/v2\/pages\/7173","targetHints":{"allow":["GET"]}}],"collection":[{"href":"https:\/\/www.roomcloud.net\/es\/wp-json\/wp\/v2\/pages"}],"about":[{"href":"https:\/\/www.roomcloud.net\/es\/wp-json\/wp\/v2\/types\/page"}],"author":[{"embeddable":true,"href":"https:\/\/www.roomcloud.net\/es\/wp-json\/wp\/v2\/users\/1"}],"replies":[{"embeddable":true,"href":"https:\/\/www.roomcloud.net\/es\/wp-json\/wp\/v2\/comments?post=7173"}],"version-history":[{"count":0,"href":"https:\/\/www.roomcloud.net\/es\/wp-json\/wp\/v2\/pages\/7173\/revisions"}],"up":[{"embeddable":true,"href":"https:\/\/www.roomcloud.net\/es\/wp-json\/wp\/v2\/pages\/7256"}],"wp:featuredmedia":[{"embeddable":true,"href":"https:\/\/www.roomcloud.net\/es\/wp-json\/wp\/v2\/media\/5566"}],"wp:attachment":[{"href":"https:\/\/www.roomcloud.net\/es\/wp-json\/wp\/v2\/media?parent=7173"}],"curies":[{"name":"wp","href":"https:\/\/api.w.org\/{rel}","templated":true}]}}