{"id":7195,"date":"2025-04-24T13:45:13","date_gmt":"2025-04-24T13:45:13","guid":{"rendered":"https:\/\/www.travelike.it\/gestor-de-canales-para-pequenas-propiedades-si-y-he-aqui-por-que\/"},"modified":"2025-06-12T10:06:49","modified_gmt":"2025-06-12T10:06:49","slug":"gestor-de-canales-para-pequenas-propiedades-si-y-he-aqui-por-que","status":"publish","type":"page","link":"https:\/\/www.roomcloud.net\/es\/que-es-channel-manager\/pequenas-propiedades\/","title":{"rendered":"\u00bfGestor de canales para peque\u00f1as propiedades? S\u00ed y he aqu\u00ed por qu\u00e9"},"content":{"rendered":"\t\t<div data-elementor-type=\"wp-page\" data-elementor-id=\"7195\" class=\"elementor elementor-7195 elementor-2094\" data-elementor-post-type=\"page\">\n\t\t\t\t<div class=\"elementor-element elementor-element-23e427a0 e-flex e-con-boxed e-con e-parent\" data-id=\"23e427a0\" data-element_type=\"container\" data-e-type=\"container\">\n\t\t\t\t\t<div class=\"e-con-inner\">\n\t\t\t\t<div class=\"elementor-element elementor-element-2f0f7d89 elementor-widget elementor-widget-spacer\" data-id=\"2f0f7d89\" data-element_type=\"widget\" data-e-type=\"widget\" data-widget_type=\"spacer.default\">\n\t\t\t\t<div class=\"elementor-widget-container\">\n\t\t\t\t\t\t\t<div class=\"elementor-spacer\">\n\t\t\t<div class=\"elementor-spacer-inner\"><\/div>\n\t\t<\/div>\n\t\t\t\t\t\t<\/div>\n\t\t\t\t<\/div>\n\t\t\t\t\t<\/div>\n\t\t\t\t<\/div>\n\t\t<div class=\"elementor-element elementor-element-442fcb74 e-flex e-con-boxed e-con e-parent\" data-id=\"442fcb74\" data-element_type=\"container\" data-e-type=\"container\">\n\t\t\t\t\t<div class=\"e-con-inner\">\n\t\t\t\t<div class=\"elementor-element elementor-element-2567a7ea elementor-widget elementor-widget-heading\" data-id=\"2567a7ea\" data-element_type=\"widget\" data-e-type=\"widget\" data-widget_type=\"heading.default\">\n\t\t\t\t<div class=\"elementor-widget-container\">\n\t\t\t\t\t<div class=\"elementor-heading-title elementor-size-default\">Gestor de canales<\/div>\t\t\t\t<\/div>\n\t\t\t\t<\/div>\n\t\t\t\t<div class=\"elementor-element elementor-element-366f6b88 elementor-widget__width-initial elementor-widget elementor-widget-heading\" data-id=\"366f6b88\" data-element_type=\"widget\" data-e-type=\"widget\" data-widget_type=\"heading.default\">\n\t\t\t\t<div class=\"elementor-widget-container\">\n\t\t\t\t\t<h1 class=\"elementor-heading-title elementor-size-default\">\u00bfGestor de canales para peque\u00f1as propiedades? S\u00ed y he aqu\u00ed por qu\u00e9 <\/h1>\t\t\t\t<\/div>\n\t\t\t\t<\/div>\n\t\t\t\t<div class=\"elementor-element elementor-element-6eaa3d27 elementor-widget elementor-widget-text-editor\" data-id=\"6eaa3d27\" data-element_type=\"widget\" data-e-type=\"widget\" data-widget_type=\"text-editor.default\">\n\t\t\t\t<div class=\"elementor-widget-container\">\n\t\t\t\t\t\t\t\t\t<p>\u00bfNecesitas un gestor de canales para peque\u00f1as propiedades? El propietario de un B&amp;B o una granja con unas pocas habitaciones, o unos pocos apartamentos, puede tener dudas sobre si utilizar este programa. Y la pregunta es m\u00e1s que leg\u00edtima.  <\/p>\t\t\t\t\t\t\t\t<\/div>\n\t\t\t\t<\/div>\n\t\t\t\t\t<\/div>\n\t\t\t\t<\/div>\n\t\t<div class=\"elementor-element elementor-element-713f5c6f e-flex e-con-boxed e-con e-parent\" data-id=\"713f5c6f\" data-element_type=\"container\" data-e-type=\"container\">\n\t\t\t\t\t<div class=\"e-con-inner\">\n\t\t<div class=\"elementor-element elementor-element-2d3cbfcb e-con-full e-flex e-con e-child\" data-id=\"2d3cbfcb\" data-element_type=\"container\" data-e-type=\"container\" data-settings=\"{&quot;background_background&quot;:&quot;classic&quot;}\">\n\t\t\t\t<\/div>\n\t\t<div class=\"elementor-element elementor-element-41dbf5e8 e-con-full e-flex e-con e-child\" data-id=\"41dbf5e8\" data-element_type=\"container\" data-e-type=\"container\" data-settings=\"{&quot;background_background&quot;:&quot;classic&quot;}\">\n\t\t<div class=\"elementor-element elementor-element-7ad9c2f e-con-full e-flex e-con e-child\" data-id=\"7ad9c2f\" data-element_type=\"container\" data-e-type=\"container\" data-settings=\"{&quot;background_background&quot;:&quot;classic&quot;}\">\n\t\t\t\t<div class=\"elementor-element elementor-element-63c791f2 elementor-widget elementor-widget-text-editor\" data-id=\"63c791f2\" data-element_type=\"widget\" data-e-type=\"widget\" data-widget_type=\"text-editor.default\">\n\t\t\t\t<div class=\"elementor-widget-container\">\n\t\t\t\t\t\t\t\t\t<p><span data-offset-key=\"eat3l-0-0\">El presupuesto disponible para programas inform\u00e1ticos es menor que en los grandes hoteles y la gente intenta ahorrar donde puede. <\/span><span class=\"hardreadability\"><span data-offset-key=\"eat3l-1-0\">A menudo, las propiedades con capacidad limitada est\u00e1n gestionadas de hecho por unas pocas personas, que se encuentran haciendo muchos trabajos diferentes<\/span><\/span><span data-offset-key=\"eat3l-2-0\">.<\/span><\/p>\t\t\t\t\t\t\t\t<\/div>\n\t\t\t\t<\/div>\n\t\t\t\t<\/div>\n\t\t\t\t<\/div>\n\t\t\t\t\t<\/div>\n\t\t\t\t<\/div>\n\t\t<div class=\"elementor-element elementor-element-11bd59e7 elementor-hidden-mobile e-flex e-con-boxed e-con e-parent\" data-id=\"11bd59e7\" data-element_type=\"container\" data-e-type=\"container\">\n\t\t\t\t\t<div class=\"e-con-inner\">\n\t\t\t\t<div class=\"elementor-element elementor-element-336fff7 elementor-widget elementor-widget-spacer\" data-id=\"336fff7\" data-element_type=\"widget\" data-e-type=\"widget\" data-widget_type=\"spacer.default\">\n\t\t\t\t<div class=\"elementor-widget-container\">\n\t\t\t\t\t\t\t<div class=\"elementor-spacer\">\n\t\t\t<div class=\"elementor-spacer-inner\"><\/div>\n\t\t<\/div>\n\t\t\t\t\t\t<\/div>\n\t\t\t\t<\/div>\n\t\t\t\t\t<\/div>\n\t\t\t\t<\/div>\n\t\t<div class=\"elementor-element elementor-element-bde4377 elementor-hidden-tablet e-flex e-con-boxed e-con e-parent\" data-id=\"bde4377\" data-element_type=\"container\" data-e-type=\"container\">\n\t\t\t\t\t<div class=\"e-con-inner\">\n\t\t\t\t<div class=\"elementor-element elementor-element-196f51ce elementor-widget elementor-widget-spacer\" data-id=\"196f51ce\" data-element_type=\"widget\" data-e-type=\"widget\" data-widget_type=\"spacer.default\">\n\t\t\t\t<div class=\"elementor-widget-container\">\n\t\t\t\t\t\t\t<div class=\"elementor-spacer\">\n\t\t\t<div class=\"elementor-spacer-inner\"><\/div>\n\t\t<\/div>\n\t\t\t\t\t\t<\/div>\n\t\t\t\t<\/div>\n\t\t\t\t\t<\/div>\n\t\t\t\t<\/div>\n\t\t<div class=\"elementor-element elementor-element-edc9a28 e-flex e-con-boxed e-con e-parent\" data-id=\"edc9a28\" data-element_type=\"container\" data-e-type=\"container\">\n\t\t\t\t\t<div class=\"e-con-inner\">\n\t\t<div class=\"elementor-element elementor-element-60647f1c e-con-full e-flex e-con e-child\" data-id=\"60647f1c\" data-element_type=\"container\" data-e-type=\"container\">\n\t\t\t\t<div class=\"elementor-element elementor-element-43f0ce60 elementor-widget__width-initial elementor-widget-mobile__width-initial elementor-widget elementor-widget-heading\" data-id=\"43f0ce60\" data-element_type=\"widget\" data-e-type=\"widget\" data-widget_type=\"heading.default\">\n\t\t\t\t<div class=\"elementor-widget-container\">\n\t\t\t\t\t<h2 class=\"elementor-heading-title elementor-size-default\">Ventajas del gestor de canales para peque\u00f1as propiedades<\/h2>\t\t\t\t<\/div>\n\t\t\t\t<\/div>\n\t\t\t\t<\/div>\n\t\t<div class=\"elementor-element elementor-element-3e1b7bf6 e-con-full e-flex e-con e-child\" data-id=\"3e1b7bf6\" data-element_type=\"container\" data-e-type=\"container\">\n\t\t\t\t<div class=\"elementor-element elementor-element-5082b030 elementor-widget elementor-widget-text-editor\" data-id=\"5082b030\" data-element_type=\"widget\" data-e-type=\"widget\" data-widget_type=\"text-editor.default\">\n\t\t\t\t<div class=\"elementor-widget-container\">\n\t\t\t\t\t\t\t\t\t<p><span class=\"complexword\"><span data-offset-key=\"eat3l-3-0\">Sin embargo<\/span><\/span><span class=\"hardreadability\"><span data-offset-key=\"eat3l-4-0\">el gestor de canales para peque\u00f1as propiedades es una de esas herramientas indispensables en las que la inversi\u00f3n <\/span><\/span><span class=\"adverb\"><span data-offset-key=\"eat3l-5-0\">sin duda<\/span><\/span><span class=\"hardreadability\"><span data-offset-key=\"eat3l-6-0\"> amortiza el coste<\/span><\/span><span data-offset-key=\"eat3l-7-0\">. He aqu\u00ed por qu\u00e9.<\/span><\/p><ul><li><span data-offset-key=\"eat3l-7-0\">Te <strong>permite ahorrar tiempo en la gesti\u00f3n de las ventas online<\/strong>. En una propiedad peque\u00f1a gestionada por unas pocas personas, cada minuto recuperado y utilizado en la atenci\u00f3n al cliente puede tener un valor incalculable. El gestor de canales gestiona autom\u00e1ticamente los precios y la disponibilidad en todos los canales en los que vendes tu propiedad. Para que t\u00fa no tengas que hacerlo.   <\/span><\/li><li><span data-offset-key=\"eat3l-7-0\"><strong>Permite acceder a nichos de mercado<\/strong>. Incluso las propiedades m\u00e1s peque\u00f1as necesitan OTAs <\/span><span data-offset-key=\"eat3l-9-0\">pero no tienes que pensar s\u00f3lo en grandes nombres. <\/span><span class=\"complexword\"><span data-offset-key=\"eat3l-10-0\">Al contrario<\/span><\/span><span data-offset-key=\"eat3l-11-0\">gracias a un gestor de canales tambi\u00e9n es posible gestionar canales locales menores. <\/span><span class=\"qualifier\"><span data-offset-key=\"eat3l-12-0\">Quiz\u00e1s<\/span><\/span><span data-offset-key=\"eat3l-13-0\"> los especializados en locales independientes y originales como el tuyo.<\/span><\/li><li><span data-offset-key=\"eat3l-13-0\"><strong>Aumenta las posibilidades de recibir reservas y evita el exceso de reservas<\/strong>. <\/span><span class=\"adverb\"><span data-offset-key=\"eat3l-14-0\">B\u00e1sicamente<\/span><\/span><span class=\"hardreadability\"><span data-offset-key=\"eat3l-15-0\">. simplifica los dos aspectos principales en la gesti\u00f3n operativa de tu asignaci\u00f3n<\/span><\/span><span data-offset-key=\"eat3l-16-0\">. <\/span><span class=\"qualifier\"><span data-offset-key=\"eat3l-17-0\">S\u00f3lo<\/span><\/span><span data-offset-key=\"eat3l-18-0\"> aquellos en los que no quieres cometer errores por descuido.<\/span><\/li><\/ul><p><span class=\"hardreadability\"><span data-offset-key=\"eat3l-19-0\">Estas son s\u00f3lo las primeras ventajas que un gestor de B&amp;B, agroturismo o apartamentos puede obtener del gestor de canales<\/span><\/span><span data-offset-key=\"eat3l-20-0\">. Para conocer todos los dem\u00e1s, solicita una prueba gratuita de 30 d\u00edas del <a href=\"https:\/\/www.roomcloud.net\/es\/cm\/\">Gestor de Canales RoomCloud<\/a>. No te   <\/span><span class=\"passivevoice\"><span data-offset-key=\"eat3l-21-0\">estar decepcionado<\/span><\/span><span data-offset-key=\"eat3l-22-0\">\u00a1! <\/span> <\/p>\t\t\t\t\t\t\t\t<\/div>\n\t\t\t\t<\/div>\n\t\t\t\t<\/div>\n\t\t\t\t\t<\/div>\n\t\t\t\t<\/div>\n\t\t<div class=\"elementor-element elementor-element-7a216c45 e-flex e-con-boxed e-con e-parent\" data-id=\"7a216c45\" data-element_type=\"container\" data-e-type=\"container\">\n\t\t\t\t\t<div class=\"e-con-inner\">\n\t\t\t\t<div class=\"elementor-element elementor-element-5e398251 elementor-widget elementor-widget-spacer\" data-id=\"5e398251\" data-element_type=\"widget\" data-e-type=\"widget\" data-widget_type=\"spacer.default\">\n\t\t\t\t<div class=\"elementor-widget-container\">\n\t\t\t\t\t\t\t<div class=\"elementor-spacer\">\n\t\t\t<div class=\"elementor-spacer-inner\"><\/div>\n\t\t<\/div>\n\t\t\t\t\t\t<\/div>\n\t\t\t\t<\/div>\n\t\t\t\t\t<\/div>\n\t\t\t\t<\/div>\n\t\t\t\t<\/div>\n\t\t","protected":false},"excerpt":{"rendered":"<p>Gestor de canales \u00bfGestor de canales para peque\u00f1as propiedades? S\u00ed y he aqu\u00ed por qu\u00e9 \u00bfNecesitas un gestor de canales para peque\u00f1as propiedades? El propietario de un B&amp;B o una granja con unas pocas habitaciones, o unos pocos apartamentos, puede tener dudas sobre si utilizar este programa. Y la pregunta es m\u00e1s que leg\u00edtima. El [&hellip;]<\/p>\n","protected":false},"author":1,"featured_media":6367,"parent":7256,"menu_order":0,"comment_status":"closed","ping_status":"closed","template":"","meta":{"inline_featured_image":false,"footnotes":""},"class_list":["post-7195","page","type-page","status-publish","has-post-thumbnail","hentry"],"_links":{"self":[{"href":"https:\/\/www.roomcloud.net\/es\/wp-json\/wp\/v2\/pages\/7195","targetHints":{"allow":["GET"]}}],"collection":[{"href":"https:\/\/www.roomcloud.net\/es\/wp-json\/wp\/v2\/pages"}],"about":[{"href":"https:\/\/www.roomcloud.net\/es\/wp-json\/wp\/v2\/types\/page"}],"author":[{"embeddable":true,"href":"https:\/\/www.roomcloud.net\/es\/wp-json\/wp\/v2\/users\/1"}],"replies":[{"embeddable":true,"href":"https:\/\/www.roomcloud.net\/es\/wp-json\/wp\/v2\/comments?post=7195"}],"version-history":[{"count":0,"href":"https:\/\/www.roomcloud.net\/es\/wp-json\/wp\/v2\/pages\/7195\/revisions"}],"up":[{"embeddable":true,"href":"https:\/\/www.roomcloud.net\/es\/wp-json\/wp\/v2\/pages\/7256"}],"wp:featuredmedia":[{"embeddable":true,"href":"https:\/\/www.roomcloud.net\/es\/wp-json\/wp\/v2\/media\/6367"}],"wp:attachment":[{"href":"https:\/\/www.roomcloud.net\/es\/wp-json\/wp\/v2\/media?parent=7195"}],"curies":[{"name":"wp","href":"https:\/\/api.w.org\/{rel}","templated":true}]}}