{"id":6961,"date":"2025-05-18T16:25:16","date_gmt":"2025-05-18T16:25:16","guid":{"rendered":"https:\/\/www.travelike.it\/a-propos-de-nous\/"},"modified":"2025-06-06T16:55:48","modified_gmt":"2025-06-06T16:55:48","slug":"a-propos-de-nous","status":"publish","type":"page","link":"https:\/\/www.roomcloud.net\/fr\/a-propos-de-nous\/","title":{"rendered":"A propos de nous"},"content":{"rendered":"\t\t<div data-elementor-type=\"wp-page\" data-elementor-id=\"6961\" class=\"elementor elementor-6961 elementor-3910\" data-elementor-post-type=\"page\">\n\t\t\t\t<div class=\"elementor-element elementor-element-225e670 e-flex e-con-boxed e-con e-parent\" data-id=\"225e670\" data-element_type=\"container\" data-e-type=\"container\">\n\t\t\t\t\t<div class=\"e-con-inner\">\n\t\t\t\t<div class=\"elementor-element elementor-element-19303425 elementor-widget elementor-widget-spacer\" data-id=\"19303425\" data-element_type=\"widget\" data-e-type=\"widget\" data-widget_type=\"spacer.default\">\n\t\t\t\t<div class=\"elementor-widget-container\">\n\t\t\t\t\t\t\t<div class=\"elementor-spacer\">\n\t\t\t<div class=\"elementor-spacer-inner\"><\/div>\n\t\t<\/div>\n\t\t\t\t\t\t<\/div>\n\t\t\t\t<\/div>\n\t\t\t\t\t<\/div>\n\t\t\t\t<\/div>\n\t\t<footer class=\"elementor-element elementor-element-c5f9202 panel e-con-full e-flex e-con e-parent\" data-id=\"c5f9202\" data-element_type=\"container\" data-e-type=\"container\" data-settings=\"{&quot;background_background&quot;:&quot;gradient&quot;,&quot;shape_divider_bottom&quot;:&quot;tilt&quot;}\">\n\t\t\t\t<div class=\"elementor-shape elementor-shape-bottom\" aria-hidden=\"true\" data-negative=\"false\">\n\t\t\t<svg xmlns=\"http:\/\/www.w3.org\/2000\/svg\" viewBox=\"0 0 1000 100\" preserveAspectRatio=\"none\">\n\t<path class=\"elementor-shape-fill\" d=\"M0,6V0h1000v100L0,6z\"\/>\n<\/svg>\t\t<\/div>\n\t\t<div class=\"elementor-element elementor-element-88cc278 e-flex e-con-boxed e-con e-child\" data-id=\"88cc278\" data-element_type=\"container\" data-e-type=\"container\">\n\t\t\t\t\t<div class=\"e-con-inner\">\n\t\t<div class=\"elementor-element elementor-element-bdcb121 e-con-full e-flex e-con e-child\" data-id=\"bdcb121\" data-element_type=\"container\" data-e-type=\"container\" data-settings=\"{&quot;background_background&quot;:&quot;classic&quot;}\">\n\t\t\t\t<div class=\"elementor-element elementor-element-f721b86 elementor-widget__width-initial elementor-widget elementor-widget-heading\" data-id=\"f721b86\" data-element_type=\"widget\" data-e-type=\"widget\" data-widget_type=\"heading.default\">\n\t\t\t\t<div class=\"elementor-widget-container\">\n\t\t\t\t\t<h1 class=\"elementor-heading-title elementor-size-default\">A propos de nous<\/h1>\t\t\t\t<\/div>\n\t\t\t\t<\/div>\n\t\t\t\t<div class=\"elementor-element elementor-element-4d90ee6 elementor-widget__width-initial elementor-widget-mobile__width-initial elementor-widget elementor-widget-text-editor\" data-id=\"4d90ee6\" data-element_type=\"widget\" data-e-type=\"widget\" data-widget_type=\"text-editor.default\">\n\t\t\t\t<div class=\"elementor-widget-container\">\n\t\t\t\t\t\t\t\t\t<p><strong>RoomCloud<\/strong> est une solution technologique avanc\u00e9e pour la gestion des r\u00e9servations en ligne, con\u00e7ue pour les h\u00f4tels, les chambres d&rsquo;h\u00f4tes et les appartements. <br>Cr\u00e9\u00e9e par Tecnes Milano Srl, une soci\u00e9t\u00e9 de logiciels bas\u00e9e \u00e0 Milan, RoomCloud fournit des outils innovants pour simplifier et optimiser la distribution en ligne des h\u00e9bergements.<\/p>\t\t\t\t\t\t\t\t<\/div>\n\t\t\t\t<\/div>\n\t\t\t\t<\/div>\n\t\t\t\t\t<\/div>\n\t\t\t\t<\/div>\n\t\t\t\t<\/footer>\n\t\t<div class=\"elementor-element elementor-element-7996efa e-flex e-con-boxed e-con e-parent\" data-id=\"7996efa\" data-element_type=\"container\" data-e-type=\"container\">\n\t\t\t\t\t<div class=\"e-con-inner\">\n\t\t<div class=\"elementor-element elementor-element-a649652 e-con-full e-flex e-con e-child\" data-id=\"a649652\" data-element_type=\"container\" data-e-type=\"container\">\n\t\t<div class=\"elementor-element elementor-element-913faae e-con-full e-flex e-con e-child\" data-id=\"913faae\" data-element_type=\"container\" data-e-type=\"container\">\n\t\t\t\t<div class=\"elementor-element elementor-element-fcb5447 elementor-widget__width-inherit elementor-widget elementor-widget-image\" data-id=\"fcb5447\" data-element_type=\"widget\" data-e-type=\"widget\" data-widget_type=\"image.default\">\n\t\t\t\t<div class=\"elementor-widget-container\">\n\t\t\t\t\t\t\t\t\t\t\t\t\t\t\t<img fetchpriority=\"high\" decoding=\"async\" width=\"791\" height=\"718\" src=\"https:\/\/www.roomcloud.net\/wp-content\/uploads\/2025\/05\/silvain-2.jpg\" class=\"attachment-full size-full wp-image-6975\" alt=\"Sylvain speech\" srcset=\"https:\/\/www.roomcloud.net\/wp-content\/uploads\/2025\/05\/silvain-2.jpg 791w, https:\/\/www.roomcloud.net\/wp-content\/uploads\/2025\/05\/silvain-2-300x272.jpg 300w, https:\/\/www.roomcloud.net\/wp-content\/uploads\/2025\/05\/silvain-2-768x697.jpg 768w\" sizes=\"(max-width: 791px) 100vw, 791px\" \/>\t\t\t\t\t\t\t\t\t\t\t\t\t\t\t<\/div>\n\t\t\t\t<\/div>\n\t\t\t\t<div class=\"elementor-element elementor-element-56b6f82 elementor-widget elementor-widget-image\" data-id=\"56b6f82\" data-element_type=\"widget\" data-e-type=\"widget\" data-widget_type=\"image.default\">\n\t\t\t\t<div class=\"elementor-widget-container\">\n\t\t\t\t\t\t\t\t\t\t\t\t\t\t\t<img decoding=\"async\" width=\"862\" height=\"976\" src=\"https:\/\/www.roomcloud.net\/wp-content\/uploads\/2025\/05\/roomcloud-tattoo.jpg\" class=\"attachment-full size-full wp-image-6899\" alt=\"roomcloud-tattoo\" srcset=\"https:\/\/www.roomcloud.net\/wp-content\/uploads\/2025\/05\/roomcloud-tattoo.jpg 862w, https:\/\/www.roomcloud.net\/wp-content\/uploads\/2025\/05\/roomcloud-tattoo-265x300.jpg 265w, https:\/\/www.roomcloud.net\/wp-content\/uploads\/2025\/05\/roomcloud-tattoo-768x870.jpg 768w\" sizes=\"(max-width: 862px) 100vw, 862px\" \/>\t\t\t\t\t\t\t\t\t\t\t\t\t\t\t<\/div>\n\t\t\t\t<\/div>\n\t\t\t\t<\/div>\n\t\t<div class=\"elementor-element elementor-element-713e479 e-con-full e-flex e-con e-child\" data-id=\"713e479\" data-element_type=\"container\" data-e-type=\"container\">\n\t\t\t\t<div class=\"elementor-element elementor-element-2fdb08f elementor-widget elementor-widget-image\" data-id=\"2fdb08f\" data-element_type=\"widget\" data-e-type=\"widget\" data-widget_type=\"image.default\">\n\t\t\t\t<div class=\"elementor-widget-container\">\n\t\t\t\t\t\t\t\t\t\t\t\t\t\t\t<img decoding=\"async\" width=\"1599\" height=\"1200\" src=\"https:\/\/www.roomcloud.net\/wp-content\/uploads\/2025\/05\/convegno.jpg\" class=\"attachment-full size-full wp-image-6971\" alt=\"Hospitality Day speech\" srcset=\"https:\/\/www.roomcloud.net\/wp-content\/uploads\/2025\/05\/convegno.jpg 1599w, https:\/\/www.roomcloud.net\/wp-content\/uploads\/2025\/05\/convegno-300x225.jpg 300w, https:\/\/www.roomcloud.net\/wp-content\/uploads\/2025\/05\/convegno-1024x768.jpg 1024w, https:\/\/www.roomcloud.net\/wp-content\/uploads\/2025\/05\/convegno-768x576.jpg 768w, https:\/\/www.roomcloud.net\/wp-content\/uploads\/2025\/05\/convegno-1536x1153.jpg 1536w\" sizes=\"(max-width: 1599px) 100vw, 1599px\" \/>\t\t\t\t\t\t\t\t\t\t\t\t\t\t\t<\/div>\n\t\t\t\t<\/div>\n\t\t\t\t<div class=\"elementor-element elementor-element-f2e12f8 elementor-widget elementor-widget-image\" data-id=\"f2e12f8\" data-element_type=\"widget\" data-e-type=\"widget\" data-widget_type=\"image.default\">\n\t\t\t\t<div class=\"elementor-widget-container\">\n\t\t\t\t\t\t\t\t\t\t\t\t\t\t\t<img loading=\"lazy\" decoding=\"async\" width=\"1254\" height=\"961\" src=\"https:\/\/www.roomcloud.net\/wp-content\/uploads\/2025\/05\/fiera.jpg\" class=\"attachment-full size-full wp-image-6950\" alt=\"Equiphotel 2024\" srcset=\"https:\/\/www.roomcloud.net\/wp-content\/uploads\/2025\/05\/fiera.jpg 1254w, https:\/\/www.roomcloud.net\/wp-content\/uploads\/2025\/05\/fiera-300x230.jpg 300w, https:\/\/www.roomcloud.net\/wp-content\/uploads\/2025\/05\/fiera-1024x785.jpg 1024w, https:\/\/www.roomcloud.net\/wp-content\/uploads\/2025\/05\/fiera-768x589.jpg 768w\" sizes=\"(max-width: 1254px) 100vw, 1254px\" \/>\t\t\t\t\t\t\t\t\t\t\t\t\t\t\t<\/div>\n\t\t\t\t<\/div>\n\t\t\t\t<\/div>\n\t\t\t\t<\/div>\n\t\t<div class=\"elementor-element elementor-element-64e510b e-con-full e-flex e-con e-child\" data-id=\"64e510b\" data-element_type=\"container\" data-e-type=\"container\" data-settings=\"{&quot;background_background&quot;:&quot;classic&quot;}\">\n\t\t\t\t<div class=\"elementor-element elementor-element-de97b67 elementor-widget elementor-widget-text-editor\" data-id=\"de97b67\" data-element_type=\"widget\" data-e-type=\"widget\" data-widget_type=\"text-editor.default\">\n\t\t\t\t<div class=\"elementor-widget-container\">\n\t\t\t\t\t\t\t\t\t<p><strong>Nos origines<\/strong><br>RoomCloud a \u00e9t\u00e9 cr\u00e9\u00e9 par Tecnes Milano Srl, une soci\u00e9t\u00e9 de logiciels qui a lanc\u00e9 Parity Rate en 2008 &#8211; l&rsquo;un des premiers gestionnaires de canaux en Italie. En 2015, Tecnes a introduit la marque RoomCloud, \u00e9largissant sa technologie avec un moteur de r\u00e9servation et des outils de m\u00e9tarecherche.<br>En 2023, Tecnes Milano a acquis Parity Rate, fusionnant les deux marques en une solution unifi\u00e9e \u00e0 laquelle 7 000 propri\u00e9t\u00e9s dans le monde font confiance.<\/p><p><strong>Pr\u00e9sence mondiale<\/strong><br>Aujourd&rsquo;hui, RoomCloud est pr\u00e9sent dans plus de 100 pays et collabore avec plus de 60 revendeurs. La plateforme s&rsquo;int\u00e8gre \u00e0 plus de 200 syst\u00e8mes PMS et se connecte \u00e0 plus de 400 canaux en ligne, offrant une gestion centralis\u00e9e des r\u00e9servations et une synchronisation automatis\u00e9e des canaux.<\/p><p><strong>Notre<\/strong> mission<br>La mission de RoomCloud est de fournir une technologie fiable et innovante aux professionnels de l&rsquo;h\u00f4tellerie, en les aidant \u00e0 augmenter les r\u00e9servations directes, \u00e0 am\u00e9liorer la visibilit\u00e9 en ligne et \u00e0 optimiser leur strat\u00e9gie de vente.<\/p><p>Avec un taux d&rsquo;erreur remarquablement bas (seulement 0,02 % sur Booking.com), RoomCloud offre un service de haute qualit\u00e9 auquel des milliers d&rsquo;\u00e9tablissements font confiance dans le monde entier.<\/p>\t\t\t\t\t\t\t\t<\/div>\n\t\t\t\t<\/div>\n\t\t\t\t<\/div>\n\t\t\t\t\t<\/div>\n\t\t\t\t<\/div>\n\t\t<div class=\"elementor-element elementor-element-3ebe724 e-flex e-con-boxed e-con e-parent\" data-id=\"3ebe724\" data-element_type=\"container\" data-e-type=\"container\">\n\t\t\t\t\t<div class=\"e-con-inner\">\n\t\t<div class=\"elementor-element elementor-element-5ec88cd e-con-full e-flex e-con e-child\" data-id=\"5ec88cd\" data-element_type=\"container\" data-e-type=\"container\" data-settings=\"{&quot;background_background&quot;:&quot;classic&quot;}\">\n\t\t\t\t<\/div>\n\t\t<div class=\"elementor-element elementor-element-ad5af64 e-con-full e-flex e-con e-child\" data-id=\"ad5af64\" data-element_type=\"container\" data-e-type=\"container\" data-settings=\"{&quot;background_background&quot;:&quot;classic&quot;}\">\n\t\t\t\t<\/div>\n\t\t\t\t\t<\/div>\n\t\t\t\t<\/div>\n\t\t<div class=\"elementor-element elementor-element-38a468b8 e-flex e-con-boxed e-con e-parent\" data-id=\"38a468b8\" data-element_type=\"container\" data-e-type=\"container\">\n\t\t\t\t\t<div class=\"e-con-inner\">\n\t\t\t\t<div class=\"elementor-element elementor-element-1f3dac5e elementor-widget elementor-widget-spacer\" data-id=\"1f3dac5e\" data-element_type=\"widget\" data-e-type=\"widget\" data-widget_type=\"spacer.default\">\n\t\t\t\t<div class=\"elementor-widget-container\">\n\t\t\t\t\t\t\t<div class=\"elementor-spacer\">\n\t\t\t<div class=\"elementor-spacer-inner\"><\/div>\n\t\t<\/div>\n\t\t\t\t\t\t<\/div>\n\t\t\t\t<\/div>\n\t\t\t\t\t<\/div>\n\t\t\t\t<\/div>\n\t\t<div class=\"elementor-element elementor-element-b6e9a1f e-flex e-con-boxed e-con e-parent\" data-id=\"b6e9a1f\" data-element_type=\"container\" data-e-type=\"container\">\n\t\t\t\t\t<div class=\"e-con-inner\">\n\t\t\t\t<div class=\"elementor-element elementor-element-b4bbdab elementor-testimonial--layout-image_above elementor-testimonial--mobile-align-center elementor-testimonial--skin-default elementor-testimonial--align-center elementor-arrows-yes elementor-pagination-type-bullets elementor-widget elementor-widget-testimonial-carousel\" data-id=\"b4bbdab\" data-element_type=\"widget\" data-e-type=\"widget\" data-settings=\"{&quot;space_between&quot;:{&quot;unit&quot;:&quot;px&quot;,&quot;size&quot;:3,&quot;sizes&quot;:[]},&quot;show_arrows&quot;:&quot;yes&quot;,&quot;pagination&quot;:&quot;bullets&quot;,&quot;speed&quot;:500,&quot;autoplay&quot;:&quot;yes&quot;,&quot;autoplay_speed&quot;:5000,&quot;loop&quot;:&quot;yes&quot;,&quot;pause_on_hover&quot;:&quot;yes&quot;,&quot;pause_on_interaction&quot;:&quot;yes&quot;,&quot;space_between_tablet&quot;:{&quot;unit&quot;:&quot;px&quot;,&quot;size&quot;:10,&quot;sizes&quot;:[]},&quot;space_between_mobile&quot;:{&quot;unit&quot;:&quot;px&quot;,&quot;size&quot;:10,&quot;sizes&quot;:[]}}\" data-widget_type=\"testimonial-carousel.default\">\n\t\t\t\t<div class=\"elementor-widget-container\">\n\t\t\t\t\t\t\t\t\t<div class=\"elementor-swiper\">\n\t\t\t\t\t<div class=\"elementor-main-swiper swiper\" role=\"region\" aria-roledescription=\"carousel\" aria-label=\"Slides\">\n\t\t\t\t<div class=\"swiper-wrapper\">\n\t\t\t\t\t\t\t\t\t\t\t<div class=\"swiper-slide\" role=\"group\" aria-roledescription=\"slide\">\n\t\t\t\t\t\t\t\t\t<div class=\"elementor-testimonial\">\n\t\t\t\t\t\t\t<div class=\"elementor-testimonial__content\">\n\t\t\t\t\t<div class=\"elementor-testimonial__text\">\n\t\t\t\t\t\t<p>  Nous travaillons avec eux depuis 2011 et avons toujours b\u00e9n\u00e9fici\u00e9 de la pleine collaboration de leur \u00e9quipe, tant sur le plan commercial qu'en termes de support, ce qui est essentiel pour nous en tant qu'utilisateurs.  <\/p>\n\t\t\t\t\t<\/div>\n\t\t\t\t\t<cite class=\"elementor-testimonial__cite\"><span class=\"elementor-testimonial__name\">  Appartements de vie<\/span><\/cite>\t\t\t\t<\/div>\n\t\t\t\t\t\t<div class=\"elementor-testimonial__footer\">\n\t\t\t\t\t\t\t\t\t<div class=\"elementor-testimonial__image\">\n\t\t\t\t\t\t<img decoding=\"async\" src=\"https:\/\/www.roomcloud.net\/wp-content\/uploads\/2025\/05\/life2.png\" alt=\"  Appartements de vie\">\n\t\t\t\t\t\t\t\t\t\t\t<\/div>\n\t\t\t\t\t\t\t\t\t\t\t<\/div>\n\t\t<\/div>\n\t\t\t\t\t\t\t\t<\/div>\n\t\t\t\t\t\t\t\t\t\t\t<div class=\"swiper-slide\" role=\"group\" aria-roledescription=\"slide\">\n\t\t\t\t\t\t\t\t\t<div class=\"elementor-testimonial\">\n\t\t\t\t\t\t\t<div class=\"elementor-testimonial__content\">\n\t\t\t\t\t<div class=\"elementor-testimonial__text\">\n\t\t\t\t\t\t<p>  Outre la qualit\u00e9 du logiciel, ce qui distingue vraiment RoomCloud, c'est son excellente assistance technique. L'\u00e9quipe d'assistance est toujours disponible, r\u00e9agit rapidement et est tr\u00e8s comp\u00e9tente. Gr\u00e2ce \u00e0 leur professionnalisme et \u00e0 leur exp\u00e9rience, nous avons b\u00e9n\u00e9fici\u00e9 de pr\u00e9cieux conseils strat\u00e9giques.<\/p>\n\t\t\t\t\t<\/div>\n\t\t\t\t\t<cite class=\"elementor-testimonial__cite\"><span class=\"elementor-testimonial__name\">  H\u00f4tel San Paolo Napoli<\/span><\/cite>\t\t\t\t<\/div>\n\t\t\t\t\t\t<div class=\"elementor-testimonial__footer\">\n\t\t\t\t\t\t\t\t\t<div class=\"elementor-testimonial__image\">\n\t\t\t\t\t\t<img decoding=\"async\" src=\"https:\/\/www.roomcloud.net\/wp-content\/uploads\/2025\/05\/sanpaolohotel2.png\" alt=\"  H\u00f4tel San Paolo Napoli\">\n\t\t\t\t\t\t\t\t\t\t\t<\/div>\n\t\t\t\t\t\t\t\t\t\t\t<\/div>\n\t\t<\/div>\n\t\t\t\t\t\t\t\t<\/div>\n\t\t\t\t\t\t\t\t\t\t\t<div class=\"swiper-slide\" role=\"group\" aria-roledescription=\"slide\">\n\t\t\t\t\t\t\t\t\t<div class=\"elementor-testimonial\">\n\t\t\t\t\t\t\t<div class=\"elementor-testimonial__content\">\n\t\t\t\t\t<div class=\"elementor-testimonial__text\">\n\t\t\t\t\t\t<p>  Un v\u00e9ritable atout de RoomCloud est son \u00e9quipe d'assistance et de vente - toujours disponible, r\u00e9active et professionnelle. Leur assistance de qualit\u00e9, leur expertise et leur capacit\u00e9 \u00e0 r\u00e9pondre rapidement \u00e0 nos besoins font la diff\u00e9rence chaque jour.<\/p>\n\t\t\t\t\t<\/div>\n\t\t\t\t\t<cite class=\"elementor-testimonial__cite\"><span class=\"elementor-testimonial__name\">  Euro Hotel Paris Orly<\/span><\/cite>\t\t\t\t<\/div>\n\t\t\t\t\t\t<div class=\"elementor-testimonial__footer\">\n\t\t\t\t\t\t\t\t\t<div class=\"elementor-testimonial__image\">\n\t\t\t\t\t\t<img decoding=\"async\" src=\"https:\/\/www.roomcloud.net\/wp-content\/uploads\/2025\/05\/eurohotel2.png\" alt=\"  Euro Hotel Paris Orly\">\n\t\t\t\t\t\t\t\t\t\t\t<\/div>\n\t\t\t\t\t\t\t\t\t\t\t<\/div>\n\t\t<\/div>\n\t\t\t\t\t\t\t\t<\/div>\n\t\t\t\t\t\t\t\t\t<\/div>\n\t\t\t\t\t\t\t\t\t\t\t\t\t\t\t<div class=\"elementor-swiper-button elementor-swiper-button-prev\" role=\"button\" tabindex=\"0\" aria-label=\"Pr\u00e9c\u00e9dent\">\n\t\t\t\t\t\t\t<svg aria-hidden=\"true\" class=\"e-font-icon-svg e-eicon-chevron-left\" viewBox=\"0 0 1000 1000\" xmlns=\"http:\/\/www.w3.org\/2000\/svg\"><path d=\"M646 125C629 125 613 133 604 142L308 442C296 454 292 471 292 487 292 504 296 521 308 533L604 854C617 867 629 875 646 875 663 875 679 871 692 858 704 846 713 829 713 812 713 796 708 779 692 767L438 487 692 225C700 217 708 204 708 187 708 171 704 154 692 142 675 129 663 125 646 125Z\"><\/path><\/svg>\t\t\t\t\t\t<\/div>\n\t\t\t\t\t\t<div class=\"elementor-swiper-button elementor-swiper-button-next\" role=\"button\" tabindex=\"0\" aria-label=\"Suivant\">\n\t\t\t\t\t\t\t<svg aria-hidden=\"true\" class=\"e-font-icon-svg e-eicon-chevron-right\" viewBox=\"0 0 1000 1000\" xmlns=\"http:\/\/www.w3.org\/2000\/svg\"><path d=\"M696 533C708 521 713 504 713 487 713 471 708 454 696 446L400 146C388 133 375 125 354 125 338 125 325 129 313 142 300 154 292 171 292 187 292 204 296 221 308 233L563 492 304 771C292 783 288 800 288 817 288 833 296 850 308 863 321 871 338 875 354 875 371 875 388 867 400 854L696 533Z\"><\/path><\/svg>\t\t\t\t\t\t<\/div>\n\t\t\t\t\t\t\t\t\t\t\t\t\t\t\t\t<div class=\"swiper-pagination\"><\/div>\n\t\t\t\t\t\t\t\t\t\t\t\t<\/div>\n\t\t\t\t<\/div>\n\t\t\t\t\t\t\t\t<\/div>\n\t\t\t\t<\/div>\n\t\t\t\t\t<\/div>\n\t\t\t\t<\/div>\n\t\t<div class=\"elementor-element elementor-element-057386e e-flex e-con-boxed e-con e-parent\" data-id=\"057386e\" data-element_type=\"container\" data-e-type=\"container\">\n\t\t\t\t\t<div class=\"e-con-inner\">\n\t\t\t\t<div class=\"elementor-element elementor-element-cc11d57 elementor-widget elementor-widget-spacer\" data-id=\"cc11d57\" data-element_type=\"widget\" data-e-type=\"widget\" data-widget_type=\"spacer.default\">\n\t\t\t\t<div class=\"elementor-widget-container\">\n\t\t\t\t\t\t\t<div class=\"elementor-spacer\">\n\t\t\t<div class=\"elementor-spacer-inner\"><\/div>\n\t\t<\/div>\n\t\t\t\t\t\t<\/div>\n\t\t\t\t<\/div>\n\t\t\t\t\t<\/div>\n\t\t\t\t<\/div>\n\t\t<div class=\"elementor-element elementor-element-78b55d0 e-flex e-con-boxed e-con e-parent\" data-id=\"78b55d0\" data-element_type=\"container\" data-e-type=\"container\" data-settings=\"{&quot;background_background&quot;:&quot;classic&quot;}\">\n\t\t\t\t\t<div class=\"e-con-inner\">\n\t\t<div class=\"elementor-element elementor-element-e9e430b e-con-full e-flex e-con e-child\" data-id=\"e9e430b\" data-element_type=\"container\" data-e-type=\"container\" data-settings=\"{&quot;background_background&quot;:&quot;classic&quot;}\">\n\t\t<div class=\"elementor-element elementor-element-f0caa7b e-con-full e-flex e-con e-child\" data-id=\"f0caa7b\" data-element_type=\"container\" data-e-type=\"container\">\n\t\t\t\t<div class=\"elementor-element elementor-element-cd3d383 elementor-widget elementor-widget-image\" data-id=\"cd3d383\" data-element_type=\"widget\" data-e-type=\"widget\" data-widget_type=\"image.default\">\n\t\t\t\t<div class=\"elementor-widget-container\">\n\t\t\t\t\t\t\t\t\t\t\t\t\t\t\t<img loading=\"lazy\" decoding=\"async\" width=\"714\" height=\"180\" src=\"https:\/\/www.roomcloud.net\/wp-content\/uploads\/2025\/06\/banner-be-fr.png\" class=\"attachment-large size-large wp-image-7510\" alt=\"banner-booking engine-fr\" srcset=\"https:\/\/www.roomcloud.net\/wp-content\/uploads\/2025\/06\/banner-be-fr.png 714w, https:\/\/www.roomcloud.net\/wp-content\/uploads\/2025\/06\/banner-be-fr-300x76.png 300w\" sizes=\"(max-width: 714px) 100vw, 714px\" \/>\t\t\t\t\t\t\t\t\t\t\t\t\t\t\t<\/div>\n\t\t\t\t<\/div>\n\t\t\t\t<\/div>\n\t\t<div class=\"elementor-element elementor-element-a7bf21c e-con-full e-flex e-con e-child\" data-id=\"a7bf21c\" data-element_type=\"container\" data-e-type=\"container\">\n\t\t\t\t<div class=\"elementor-element elementor-element-78dc29c elementor-align-right elementor-widget elementor-widget-button\" data-id=\"78dc29c\" data-element_type=\"widget\" data-e-type=\"widget\" data-widget_type=\"button.default\">\n\t\t\t\t<div class=\"elementor-widget-container\">\n\t\t\t\t\t\t\t\t\t<div class=\"elementor-button-wrapper\">\n\t\t\t\t\t<a class=\"elementor-button elementor-button-link elementor-size-sm\" href=\"https:\/\/www.travelike.it\/signup\/\">\n\t\t\t\t\t\t<span class=\"elementor-button-content-wrapper\">\n\t\t\t\t\t\t\t\t\t<span class=\"elementor-button-text\">R\u00e9servez une d\u00e9monstration GRATUITE<\/span>\n\t\t\t\t\t<\/span>\n\t\t\t\t\t<\/a>\n\t\t\t\t<\/div>\n\t\t\t\t\t\t\t\t<\/div>\n\t\t\t\t<\/div>\n\t\t\t\t<\/div>\n\t\t\t\t<\/div>\n\t\t\t\t\t<\/div>\n\t\t\t\t<\/div>\n\t\t<div class=\"elementor-element elementor-element-5d557b9 e-flex e-con-boxed e-con e-parent\" data-id=\"5d557b9\" data-element_type=\"container\" data-e-type=\"container\">\n\t\t\t\t\t<div class=\"e-con-inner\">\n\t\t\t\t<div class=\"elementor-element elementor-element-e24861c elementor-widget elementor-widget-spacer\" data-id=\"e24861c\" data-element_type=\"widget\" data-e-type=\"widget\" data-widget_type=\"spacer.default\">\n\t\t\t\t<div class=\"elementor-widget-container\">\n\t\t\t\t\t\t\t<div class=\"elementor-spacer\">\n\t\t\t<div class=\"elementor-spacer-inner\"><\/div>\n\t\t<\/div>\n\t\t\t\t\t\t<\/div>\n\t\t\t\t<\/div>\n\t\t\t\t\t<\/div>\n\t\t\t\t<\/div>\n\t\t\t\t<\/div>\n\t\t","protected":false},"excerpt":{"rendered":"<p>A propos de nous RoomCloud est une solution technologique avanc\u00e9e pour la gestion des r\u00e9servations en ligne, con\u00e7ue pour les h\u00f4tels, les chambres d&rsquo;h\u00f4tes et les appartements. Cr\u00e9\u00e9e par Tecnes Milano Srl, une soci\u00e9t\u00e9 de logiciels bas\u00e9e \u00e0 Milan, RoomCloud fournit des outils innovants pour simplifier et optimiser la distribution en ligne des h\u00e9bergements. Nos [&hellip;]<\/p>\n","protected":false},"author":1,"featured_media":0,"parent":0,"menu_order":0,"comment_status":"closed","ping_status":"closed","template":"","meta":{"inline_featured_image":false,"footnotes":""},"class_list":["post-6961","page","type-page","status-publish","hentry"],"_links":{"self":[{"href":"https:\/\/www.roomcloud.net\/fr\/wp-json\/wp\/v2\/pages\/6961","targetHints":{"allow":["GET"]}}],"collection":[{"href":"https:\/\/www.roomcloud.net\/fr\/wp-json\/wp\/v2\/pages"}],"about":[{"href":"https:\/\/www.roomcloud.net\/fr\/wp-json\/wp\/v2\/types\/page"}],"author":[{"embeddable":true,"href":"https:\/\/www.roomcloud.net\/fr\/wp-json\/wp\/v2\/users\/1"}],"replies":[{"embeddable":true,"href":"https:\/\/www.roomcloud.net\/fr\/wp-json\/wp\/v2\/comments?post=6961"}],"version-history":[{"count":0,"href":"https:\/\/www.roomcloud.net\/fr\/wp-json\/wp\/v2\/pages\/6961\/revisions"}],"wp:attachment":[{"href":"https:\/\/www.roomcloud.net\/fr\/wp-json\/wp\/v2\/media?parent=6961"}],"curies":[{"name":"wp","href":"https:\/\/api.w.org\/{rel}","templated":true}]}}