{"id":6984,"date":"2025-04-13T12:43:34","date_gmt":"2025-04-13T12:43:34","guid":{"rendered":"https:\/\/www.travelike.it\/moteur-de-reservation\/"},"modified":"2025-06-12T09:55:13","modified_gmt":"2025-06-12T09:55:13","slug":"moteur-de-reservation","status":"publish","type":"page","link":"https:\/\/www.roomcloud.net\/fr\/be\/","title":{"rendered":"Moteur de r\u00e9servation"},"content":{"rendered":"\t\t<div data-elementor-type=\"wp-page\" data-elementor-id=\"6984\" class=\"elementor elementor-6984 elementor-1752\" data-elementor-post-type=\"page\">\n\t\t\t\t<div class=\"elementor-element elementor-element-7d68f101 e-flex e-con-boxed e-con e-parent\" data-id=\"7d68f101\" data-element_type=\"container\" data-e-type=\"container\">\n\t\t\t\t\t<div class=\"e-con-inner\">\n\t\t\t\t<div class=\"elementor-element elementor-element-35c05b0d elementor-widget elementor-widget-spacer\" data-id=\"35c05b0d\" data-element_type=\"widget\" data-e-type=\"widget\" data-widget_type=\"spacer.default\">\n\t\t\t\t<div class=\"elementor-widget-container\">\n\t\t\t\t\t\t\t<div class=\"elementor-spacer\">\n\t\t\t<div class=\"elementor-spacer-inner\"><\/div>\n\t\t<\/div>\n\t\t\t\t\t\t<\/div>\n\t\t\t\t<\/div>\n\t\t\t\t\t<\/div>\n\t\t\t\t<\/div>\n\t\t<div class=\"elementor-element elementor-element-2ddb9ab7 e-flex e-con-boxed e-con e-parent\" data-id=\"2ddb9ab7\" data-element_type=\"container\" data-e-type=\"container\">\n\t\t\t\t\t<div class=\"e-con-inner\">\n\t\t\t\t<div class=\"elementor-element elementor-element-2979ca2d elementor-widget elementor-widget-heading\" data-id=\"2979ca2d\" data-element_type=\"widget\" data-e-type=\"widget\" data-widget_type=\"heading.default\">\n\t\t\t\t<div class=\"elementor-widget-container\">\n\t\t\t\t\t<div class=\"elementor-heading-title elementor-size-default\">Moteur de r\u00e9servation<\/div>\t\t\t\t<\/div>\n\t\t\t\t<\/div>\n\t\t\t\t<div class=\"elementor-element elementor-element-6e4e7dc2 elementor-widget__width-initial elementor-widget elementor-widget-heading\" data-id=\"6e4e7dc2\" data-element_type=\"widget\" data-e-type=\"widget\" data-widget_type=\"heading.default\">\n\t\t\t\t<div class=\"elementor-widget-container\">\n\t\t\t\t\t<h1 class=\"elementor-heading-title elementor-size-default\">Booking Engine<\/h1>\t\t\t\t<\/div>\n\t\t\t\t<\/div>\n\t\t\t\t<div class=\"elementor-element elementor-element-5b7d92c0 elementor-widget elementor-widget-text-editor\" data-id=\"5b7d92c0\" data-element_type=\"widget\" data-e-type=\"widget\" data-widget_type=\"text-editor.default\">\n\t\t\t\t<div class=\"elementor-widget-container\">\n\t\t\t\t\t\t\t\t\t<p>RoomCloud Channel Manager vous permet de r\u00e9server directement sur votre site \u00e0 l&rsquo;aide d&rsquo;un moteur de r\u00e9servation.<\/p>\t\t\t\t\t\t\t\t<\/div>\n\t\t\t\t<\/div>\n\t\t\t\t\t<\/div>\n\t\t\t\t<\/div>\n\t\t<div class=\"elementor-element elementor-element-50fd9e09 e-flex e-con-boxed e-con e-parent\" data-id=\"50fd9e09\" data-element_type=\"container\" data-e-type=\"container\">\n\t\t\t\t\t<div class=\"e-con-inner\">\n\t\t<div class=\"elementor-element elementor-element-1f0ab534 e-con-full e-flex e-con e-child\" data-id=\"1f0ab534\" data-element_type=\"container\" data-e-type=\"container\" data-settings=\"{&quot;background_background&quot;:&quot;classic&quot;}\">\n\t\t<div class=\"elementor-element elementor-element-2fee6b3c e-con-full e-flex e-con e-child\" data-id=\"2fee6b3c\" data-element_type=\"container\" data-e-type=\"container\">\n\t\t\t\t<\/div>\n\t\t<div class=\"elementor-element elementor-element-19e2ea0c e-con-full e-flex e-con e-child\" data-id=\"19e2ea0c\" data-element_type=\"container\" data-e-type=\"container\">\n\t\t\t\t<\/div>\n\t\t\t\t<\/div>\n\t\t<div class=\"elementor-element elementor-element-502298f e-con-full e-flex e-con e-child\" data-id=\"502298f\" data-element_type=\"container\" data-e-type=\"container\" data-settings=\"{&quot;background_background&quot;:&quot;classic&quot;}\">\n\t\t<div class=\"elementor-element elementor-element-6396ee05 e-con-full e-flex e-con e-child\" data-id=\"6396ee05\" data-element_type=\"container\" data-e-type=\"container\" data-settings=\"{&quot;background_background&quot;:&quot;classic&quot;}\">\n\t\t\t\t<div class=\"elementor-element elementor-element-5d8cb02a elementor-widget elementor-widget-heading\" data-id=\"5d8cb02a\" data-element_type=\"widget\" data-e-type=\"widget\" data-widget_type=\"heading.default\">\n\t\t\t\t<div class=\"elementor-widget-container\">\n\t\t\t\t\t<h3 class=\"elementor-heading-title elementor-size-default\">Pourquoi avez-vous besoin d'un moteur de r\u00e9servation ?<\/h3>\t\t\t\t<\/div>\n\t\t\t\t<\/div>\n\t\t\t\t<div class=\"elementor-element elementor-element-4e7dbb4a elementor-widget elementor-widget-text-editor\" data-id=\"4e7dbb4a\" data-element_type=\"widget\" data-e-type=\"widget\" data-widget_type=\"text-editor.default\">\n\t\t\t\t<div class=\"elementor-widget-container\">\n\t\t\t\t\t\t\t\t\t<p>Peu importe que vous soyez propri\u00e9taire d&rsquo;un h\u00f4tel, d&rsquo;un g\u00eete ou d&rsquo;un appartement. Les personnes qui visitent le site web de votre h\u00f4tel ou de votre appartement r\u00e9servent-elles souvent par l&rsquo;interm\u00e9diaire d&rsquo;un portail ou d&rsquo;une agence en ligne ? En revanche, s&rsquo;ils pouvaient <strong>r\u00e9server directement sur votre site \u00e0 l&rsquo;aide d&rsquo;un moteur de r\u00e9servation<\/strong>, vous pourriez \u00e9conomiser les frais de commission que vous payez pour chaque r\u00e9servation.<\/p><p>La pr\u00e9paration est une condition importante pour les ventes en ligne.<br \/>Il est inutile d&rsquo;avoir un site web rempli de belles images et d&rsquo;informations utiles, mais sans la capacit\u00e9 de vendre instantan\u00e9ment lorsque les clients d\u00e9cident d&rsquo;acheter. C&rsquo;est comme si vous aviez une boutique avec de beaux articles en vedette, mais qu&rsquo;elle \u00e9tait toujours ferm\u00e9e ! <strong>Vous pouvez regarder mais pas acheter !<\/strong><\/p><p>Alors pourquoi avoir un moteur de r\u00e9servation ? Tout d&rsquo;abord, parce que les r\u00e9servations directes augmenteront et que vous \u00e9conomiserez sur les commissions. Ensuite, parce qu&rsquo;il permet de fid\u00e9liser les clients. Un client qui r\u00e9serve par l&rsquo;interm\u00e9diaire de votre site web a un lien plus profond que s&rsquo;il avait r\u00e9serv\u00e9 par l&rsquo;interm\u00e9diaire d&rsquo;un OTA. En outre, vous pouvez ajouter son adresse \u00e9lectronique \u00e0 vos contacts pour lui envoyer des bulletins d&rsquo;information p\u00e9riodiques.<\/p><p>En outre, le moteur de r\u00e9servation est un outil exceptionnel pour l&rsquo;analyse des donn\u00e9es. Toutes les informations relatives aux r\u00e9servations directes re\u00e7ues sont en effet collect\u00e9es par le logiciel et peuvent \u00eatre utilis\u00e9es pour mettre en place des strat\u00e9gies de vente efficaces. Naturellement, le moteur de r\u00e9servation doit fournir dans ce cas une interface ad\u00e9quate qui pr\u00e9sente les donn\u00e9es de mani\u00e8re simple et imm\u00e9diate, comme dans l&rsquo;image suivante.<\/p>\t\t\t\t\t\t\t\t<\/div>\n\t\t\t\t<\/div>\n\t\t\t\t<\/div>\n\t\t\t\t<\/div>\n\t\t\t\t\t<\/div>\n\t\t\t\t<\/div>\n\t\t<div class=\"elementor-element elementor-element-512d2193 elementor-hidden-tablet e-flex e-con-boxed e-con e-parent\" data-id=\"512d2193\" data-element_type=\"container\" data-e-type=\"container\">\n\t\t\t\t\t<div class=\"e-con-inner\">\n\t\t\t\t<div class=\"elementor-element elementor-element-147e66f0 elementor-widget elementor-widget-spacer\" data-id=\"147e66f0\" data-element_type=\"widget\" data-e-type=\"widget\" data-widget_type=\"spacer.default\">\n\t\t\t\t<div class=\"elementor-widget-container\">\n\t\t\t\t\t\t\t<div class=\"elementor-spacer\">\n\t\t\t<div class=\"elementor-spacer-inner\"><\/div>\n\t\t<\/div>\n\t\t\t\t\t\t<\/div>\n\t\t\t\t<\/div>\n\t\t\t\t\t<\/div>\n\t\t\t\t<\/div>\n\t\t<div class=\"elementor-element elementor-element-6fc6d002 elementor-hidden-mobile e-flex e-con-boxed e-con e-parent\" data-id=\"6fc6d002\" data-element_type=\"container\" data-e-type=\"container\">\n\t\t\t\t\t<div class=\"e-con-inner\">\n\t\t\t\t<div class=\"elementor-element elementor-element-34cdb2e1 elementor-widget elementor-widget-spacer\" data-id=\"34cdb2e1\" data-element_type=\"widget\" data-e-type=\"widget\" data-widget_type=\"spacer.default\">\n\t\t\t\t<div class=\"elementor-widget-container\">\n\t\t\t\t\t\t\t<div class=\"elementor-spacer\">\n\t\t\t<div class=\"elementor-spacer-inner\"><\/div>\n\t\t<\/div>\n\t\t\t\t\t\t<\/div>\n\t\t\t\t<\/div>\n\t\t\t\t\t<\/div>\n\t\t\t\t<\/div>\n\t\t<div class=\"elementor-element elementor-element-dbd76c4 e-flex e-con-boxed e-con e-parent\" data-id=\"dbd76c4\" data-element_type=\"container\" data-e-type=\"container\">\n\t\t\t\t\t<div class=\"e-con-inner\">\n\t\t<div class=\"elementor-element elementor-element-3bc5bec e-con-full e-flex e-con e-child\" data-id=\"3bc5bec\" data-element_type=\"container\" data-e-type=\"container\">\n\t\t\t\t<div class=\"elementor-element elementor-element-1b6daecb elementor-widget__width-initial elementor-widget-mobile__width-initial elementor-widget elementor-widget-heading\" data-id=\"1b6daecb\" data-element_type=\"widget\" data-e-type=\"widget\" data-widget_type=\"heading.default\">\n\t\t\t\t<div class=\"elementor-widget-container\">\n\t\t\t\t\t<h2 class=\"elementor-heading-title elementor-size-default\">Les principaux avantages du Booking Engine<\/h2>\t\t\t\t<\/div>\n\t\t\t\t<\/div>\n\t\t\t\t<div class=\"elementor-element elementor-element-999965f elementor-widget elementor-widget-image\" data-id=\"999965f\" data-element_type=\"widget\" data-e-type=\"widget\" data-widget_type=\"image.default\">\n\t\t\t\t<div class=\"elementor-widget-container\">\n\t\t\t\t\t\t\t\t\t\t\t\t\t\t\t<img fetchpriority=\"high\" decoding=\"async\" width=\"800\" height=\"600\" src=\"https:\/\/www.roomcloud.net\/wp-content\/uploads\/2025\/04\/8_2268612275-1024x768.jpg\" class=\"attachment-large size-large wp-image-5699\" alt=\"RoomCloud mobile screenshot\" srcset=\"https:\/\/www.roomcloud.net\/wp-content\/uploads\/2025\/04\/8_2268612275-1024x768.jpg 1024w, https:\/\/www.roomcloud.net\/wp-content\/uploads\/2025\/04\/8_2268612275-300x225.jpg 300w, https:\/\/www.roomcloud.net\/wp-content\/uploads\/2025\/04\/8_2268612275-768x576.jpg 768w, https:\/\/www.roomcloud.net\/wp-content\/uploads\/2025\/04\/8_2268612275-1536x1152.jpg 1536w, https:\/\/www.roomcloud.net\/wp-content\/uploads\/2025\/04\/8_2268612275-2048x1536.jpg 2048w\" sizes=\"(max-width: 800px) 100vw, 800px\" \/>\t\t\t\t\t\t\t\t\t\t\t\t\t\t\t<\/div>\n\t\t\t\t<\/div>\n\t\t\t\t<\/div>\n\t\t<div class=\"elementor-element elementor-element-6e7727b4 e-con-full e-flex e-con e-child\" data-id=\"6e7727b4\" data-element_type=\"container\" data-e-type=\"container\">\n\t\t\t\t<div class=\"elementor-element elementor-element-687a5b7b elementor-widget elementor-widget-text-editor\" data-id=\"687a5b7b\" data-element_type=\"widget\" data-e-type=\"widget\" data-widget_type=\"text-editor.default\">\n\t\t\t\t<div class=\"elementor-widget-container\">\n\t\t\t\t\t\t\t\t\t<h3>Augmentation des r\u00e9servations directes et \u00e9conomies sur les commissions.<\/h3><p>La vente de vos chambres sans interm\u00e9diaire vous garantit des \u00e9conomies plus importantes et, par cons\u00e9quent, des revenus plus \u00e9lev\u00e9s. En fait, le moteur de r\u00e9servation vous permet d&rsquo;obtenir une marge b\u00e9n\u00e9ficiaire plus \u00e9lev\u00e9e. <\/p><h3>Possibilit\u00e9 d&rsquo;augmenter la capacit\u00e9 de d\u00e9pense du client gr\u00e2ce \u00e0 la vente incitative et \u00e0 la vente crois\u00e9e.<\/h3><p>Un moteur de r\u00e9servation de qualit\u00e9 contribue \u00e0 stimuler les choix d&rsquo;achat des clients en vendant des services dont les caract\u00e9ristiques et le co\u00fbt sont sup\u00e9rieurs \u00e0 ceux choisis initialement par le client (vente incitative). Par exemple, le surclassement d&rsquo;une chambre. Ou en vendant des services suppl\u00e9mentaires li\u00e9s au produit\/service initial choisi par le client (vente crois\u00e9e). Par exemple, l&rsquo;ajout de la navette a\u00e9roport, d&rsquo;une bouteille dans la chambre, etc.   <\/p><h3>Une plus grande fid\u00e9lit\u00e9 des clients.<\/h3><p>Un client qui r\u00e9serve par l&rsquo;interm\u00e9diaire de votre site web a un lien plus profond que s&rsquo;il avait r\u00e9serv\u00e9 par l&rsquo;interm\u00e9diaire d&rsquo;un OTA. De plus, vous pouvez ajouter son adresse \u00e9lectronique \u00e0 vos contacts pour lui envoyer des lettres d&rsquo;information p\u00e9riodiques. <\/p><h3>Augmentation du taux de conversion.<\/h3><p>Un \u00e9tablissement qui n&rsquo;utilise pas le moteur de r\u00e9servation a certainement un taux de conversion plus faible. Cela s&rsquo;explique par la longueur, voire la complexit\u00e9, du processus de conclusion d&rsquo;une r\u00e9servation. Par exemple, le client doit envoyer un courriel ou m\u00eame appeler l&rsquo;h\u00f4tel, attendre une r\u00e9ponse et ensuite une confirmation. Le succ\u00e8s d\u00e9pend \u00e9galement de la disponibilit\u00e9 dans la p\u00e9riode souhait\u00e9e et des prix. Avec le moteur de r\u00e9servation, tout cela se fait rapidement et automatiquement. Le personnel n&rsquo;a pas \u00e0 intervenir et le client n&rsquo;a pas \u00e0 attendre.     <\/p><h3>Gain de temps.<\/h3><p>En cons\u00e9quence du point pr\u00e9c\u00e9dent, un autre avantage offert par le moteur de r\u00e9servation est le gain de temps pour les deux parties. L&rsquo;utilisateur peut r\u00e9server ce qu&rsquo;il veut en quelques minutes. Ceux qui g\u00e8rent les r\u00e9servations ont plus de temps libre \u00e0 consacrer \u00e0 d&rsquo;autres activit\u00e9s.  <\/p><h3>Une plus grande s\u00e9curit\u00e9 dans les transactions en ligne.<\/h3><p>Enfin, il est important de noter que le BE prot\u00e8ge les transactions en ligne de ses clients. En utilisant des protocoles de s\u00e9curit\u00e9 destin\u00e9s \u00e0 l&rsquo;\u00e9change d&rsquo;informations confidentielles, les risques de fraude et de vol de donn\u00e9es sont r\u00e9duits. Cela n&rsquo;est \u00e9videmment pas possible sur les sites sans moteur de r\u00e9servation, o\u00f9 le client est souvent contraint d&rsquo;envoyer les d\u00e9tails de sa carte de cr\u00e9dit par courrier \u00e9lectronique.  <\/p>\t\t\t\t\t\t\t\t<\/div>\n\t\t\t\t<\/div>\n\t\t\t\t<\/div>\n\t\t\t\t\t<\/div>\n\t\t\t\t<\/div>\n\t\t<div class=\"elementor-element elementor-element-6d3f6d1 e-flex e-con-boxed e-con e-parent\" data-id=\"6d3f6d1\" data-element_type=\"container\" data-e-type=\"container\">\n\t\t\t\t\t<div class=\"e-con-inner\">\n\t\t<div class=\"elementor-element elementor-element-47ec71a2 e-con-full e-flex e-con e-child\" data-id=\"47ec71a2\" data-element_type=\"container\" data-e-type=\"container\">\n\t\t\t\t<div class=\"elementor-element elementor-element-5f3cecac elementor-widget-tablet__width-inherit elementor-widget elementor-widget-heading\" data-id=\"5f3cecac\" data-element_type=\"widget\" data-e-type=\"widget\" data-widget_type=\"heading.default\">\n\t\t\t\t<div class=\"elementor-widget-container\">\n\t\t\t\t\t<h2 class=\"elementor-heading-title elementor-size-default\">Pour les h\u00f4tels et les appartements<\/h2>\t\t\t\t<\/div>\n\t\t\t\t<\/div>\n\t\t\t\t<div class=\"elementor-element elementor-element-d41205c elementor-widget-mobile__width-initial elementor-widget__width-initial elementor-widget elementor-widget-heading\" data-id=\"d41205c\" data-element_type=\"widget\" data-e-type=\"widget\" data-widget_type=\"heading.default\">\n\t\t\t\t<div class=\"elementor-widget-container\">\n\t\t\t\t\t<h2 class=\"elementor-heading-title elementor-size-default\">La relation entre les Booking engine et les OTA<\/h2>\t\t\t\t<\/div>\n\t\t\t\t<\/div>\n\t\t<div class=\"elementor-element elementor-element-2fcac9cf e-con-full e-flex e-con e-child\" data-id=\"2fcac9cf\" data-element_type=\"container\" data-e-type=\"container\">\n\t\t\t\t<div class=\"elementor-element elementor-element-3564883b elementor-widget__width-initial elementor-widget elementor-widget-text-editor\" data-id=\"3564883b\" data-element_type=\"widget\" data-e-type=\"widget\" data-widget_type=\"text-editor.default\">\n\t\t\t\t<div class=\"elementor-widget-container\">\n\t\t\t\t\t\t\t\t\t<p>Parmi les avantages d&rsquo;un moteur de r\u00e9servation, il y a la possibilit\u00e9 d&rsquo;une plus grande ind\u00e9pendance vis-\u00e0-vis des OTA. Mais comment g\u00e9rer la relation entre le moteur de r\u00e9servation et les canaux de distribution en ligne ? <\/p>\t\t\t\t\t\t\t\t<\/div>\n\t\t\t\t<\/div>\n\t\t\t\t<div class=\"elementor-element elementor-element-8cdf4ce elementor-widget__width-inherit elementor-widget elementor-widget-text-editor\" data-id=\"8cdf4ce\" data-element_type=\"widget\" data-e-type=\"widget\" data-widget_type=\"text-editor.default\">\n\t\t\t\t<div class=\"elementor-widget-container\">\n\t\t\t\t\t\t\t\t\t<p>Les OTA, m\u00eame si elles demandent souvent des commissions \u00e9lev\u00e9es, sont les meilleures vitrines pour augmenter la visibilit\u00e9 de votre structure. On ne peut pas dire que <a href=\"https:\/\/www.booking.com\/index.fr.html?label=gen173nr-1BCAEoggI46AdIM1gEaHGIAQGYAQ24AQfIAQ_YAQHoAQGIAgGoAgO4ArXDmsIGwAIB0gIkYjYzZmEzN2MtMmFjMi00YjFlLTkxNjUtNTdjODhjNmFjNWI32AIF4AIB&amp;sid=104bf06e6c8ed90650b594165f50c938&amp;keep_landing=1&amp;sb_price_type=total&amp;\">Booking.com<\/a> aide \u00e0 faire venir des clients.<\/p><p>En outre, il arrive souvent qu&rsquo;un client qui vient d&rsquo;une OTA finisse par visiter le site web, s&rsquo;il est int\u00e9ress\u00e9 par une r\u00e9servation. Ainsi, les portails, en plus de la visibilit\u00e9, apportent \u00e9galement du trafic au site web.<\/p>\t\t\t\t\t\t\t\t<\/div>\n\t\t\t\t<\/div>\n\t\t\t\t<\/div>\n\t\t\t\t<\/div>\n\t\t\t\t\t<\/div>\n\t\t\t\t<\/div>\n\t\t<div class=\"elementor-element elementor-element-5d414cf5 e-flex e-con-boxed e-con e-parent\" data-id=\"5d414cf5\" data-element_type=\"container\" data-e-type=\"container\">\n\t\t\t\t\t<div class=\"e-con-inner\">\n\t\t\t\t<div class=\"elementor-element elementor-element-40f72bca elementor-widget elementor-widget-spacer\" data-id=\"40f72bca\" data-element_type=\"widget\" data-e-type=\"widget\" data-widget_type=\"spacer.default\">\n\t\t\t\t<div class=\"elementor-widget-container\">\n\t\t\t\t\t\t\t<div class=\"elementor-spacer\">\n\t\t\t<div class=\"elementor-spacer-inner\"><\/div>\n\t\t<\/div>\n\t\t\t\t\t\t<\/div>\n\t\t\t\t<\/div>\n\t\t\t\t\t<\/div>\n\t\t\t\t<\/div>\n\t\t<div class=\"elementor-element elementor-element-443cfb3c e-flex e-con-boxed e-con e-parent\" data-id=\"443cfb3c\" data-element_type=\"container\" data-e-type=\"container\">\n\t\t\t\t\t<div class=\"e-con-inner\">\n\t\t<div class=\"elementor-element elementor-element-7d476b20 e-con-full e-flex e-con e-child\" data-id=\"7d476b20\" data-element_type=\"container\" data-e-type=\"container\" data-settings=\"{&quot;background_background&quot;:&quot;classic&quot;}\">\n\t\t<div class=\"elementor-element elementor-element-6ef484f6 e-con-full e-flex e-con e-child\" data-id=\"6ef484f6\" data-element_type=\"container\" data-e-type=\"container\">\n\t\t\t\t<\/div>\n\t\t<div class=\"elementor-element elementor-element-7fb42bf5 e-con-full e-flex e-con e-child\" data-id=\"7fb42bf5\" data-element_type=\"container\" data-e-type=\"container\">\n\t\t\t\t<\/div>\n\t\t\t\t<\/div>\n\t\t<div class=\"elementor-element elementor-element-c35208b e-con-full e-flex e-con e-child\" data-id=\"c35208b\" data-element_type=\"container\" data-e-type=\"container\" data-settings=\"{&quot;background_background&quot;:&quot;classic&quot;}\">\n\t\t<div class=\"elementor-element elementor-element-758fe3d7 e-con-full e-flex e-con e-child\" data-id=\"758fe3d7\" data-element_type=\"container\" data-e-type=\"container\" data-settings=\"{&quot;background_background&quot;:&quot;classic&quot;}\">\n\t\t<div class=\"elementor-element elementor-element-6cfd62ff e-con-full e-flex e-con e-child\" data-id=\"6cfd62ff\" data-element_type=\"container\" data-e-type=\"container\">\n\t\t\t\t<div class=\"elementor-element elementor-element-bc70c34 elementor-widget-mobile__width-initial elementor-widget__width-initial elementor-widget elementor-widget-heading\" data-id=\"bc70c34\" data-element_type=\"widget\" data-e-type=\"widget\" data-widget_type=\"heading.default\">\n\t\t\t\t<div class=\"elementor-widget-container\">\n\t\t\t\t\t<h2 class=\"elementor-heading-title elementor-size-default\">Caract\u00e9ristiques de RoomCloud<\/h2>\t\t\t\t<\/div>\n\t\t\t\t<\/div>\n\t\t\t\t<div class=\"elementor-element elementor-element-1b0b2f99 elementor-widget elementor-widget-text-editor\" data-id=\"1b0b2f99\" data-element_type=\"widget\" data-e-type=\"widget\" data-widget_type=\"text-editor.default\">\n\t\t\t\t<div class=\"elementor-widget-container\">\n\t\t\t\t\t\t\t\t\t<ul><li>\u00c9limine le co\u00fbt de l&rsquo;interm\u00e9diaire<\/li><li>Maximise le nombre de r\u00e9servations directes<\/li><li>Fournir un service complet de r\u00e9servation en ligne via votre site web officiel<\/li><li>Moteur de r\u00e9servation int\u00e9gr\u00e9 aux principaux moteurs de <a href=\"\/fr\/metasearch\/\">recherche <\/a><a href=\"\/fr\/google-hotel-price-ads\/\">(Google Hotel Ads<\/a>, <a href=\"\/fr\/metasearch\/trivago\/\">trivago<\/a>, <a href=\"\/fr\/metasearch\/tripadvisor\/\">TripAdvisor<\/a>)<\/li><li>Sans avoir \u00e0 payer de commissions, sans restrictions et avec une gestion automatique<\/li><li>Tableau de bord avec des statistiques approfondies sur les visites et les r\u00e9servations en temps r\u00e9el<\/li><li><a href=\"\/fr\/certified-pc\/\">Certifi\u00e9 PCI<\/a><\/li><li>RoomCloud est l&rsquo;un des <a href=\"https:\/\/www.hotelminder.com\/best-hotel-website-booking-engines\" target=\"_blank\" rel=\"noopener\">10 meilleurs moteurs de r\u00e9servation<\/a> de 2022 selon HotelMinder.<\/li><\/ul><p>RoomCloud Booking Engine est le logiciel de r\u00e9servation en ligne pour les h\u00f4tels et les appartements que vous recherchez !<\/p><p>Recevez des r\u00e9servations par l&rsquo;interm\u00e9diaire de votre site web ! \u00c9liminez les co\u00fbts suppl\u00e9mentaires, augmentez le nombre de r\u00e9servations directes et les revenus de l&rsquo;h\u00f4tel.<\/p>\t\t\t\t\t\t\t\t<\/div>\n\t\t\t\t<\/div>\n\t\t\t\t<\/div>\n\t\t\t\t<\/div>\n\t\t\t\t<\/div>\n\t\t\t\t\t<\/div>\n\t\t\t\t<\/div>\n\t\t<div class=\"elementor-element elementor-element-998bbe8 e-flex e-con-boxed e-con e-parent\" data-id=\"998bbe8\" data-element_type=\"container\" data-e-type=\"container\" data-settings=\"{&quot;background_background&quot;:&quot;classic&quot;}\">\n\t\t\t\t\t<div class=\"e-con-inner\">\n\t\t<div class=\"elementor-element elementor-element-e13fee7 e-con-full e-flex e-con e-child\" data-id=\"e13fee7\" data-element_type=\"container\" data-e-type=\"container\" data-settings=\"{&quot;background_background&quot;:&quot;classic&quot;}\">\n\t\t<div class=\"elementor-element elementor-element-85d3207 e-con-full e-flex e-con e-child\" data-id=\"85d3207\" data-element_type=\"container\" data-e-type=\"container\">\n\t\t\t\t<div class=\"elementor-element elementor-element-5bb130c elementor-widget elementor-widget-image\" data-id=\"5bb130c\" data-element_type=\"widget\" data-e-type=\"widget\" data-widget_type=\"image.default\">\n\t\t\t\t<div class=\"elementor-widget-container\">\n\t\t\t\t\t\t\t\t\t\t\t\t\t\t\t<img decoding=\"async\" width=\"714\" height=\"180\" src=\"https:\/\/www.roomcloud.net\/wp-content\/uploads\/2025\/06\/banner-be-fr.png\" class=\"attachment-large size-large wp-image-7510\" alt=\"banner-booking engine-fr\" srcset=\"https:\/\/www.roomcloud.net\/wp-content\/uploads\/2025\/06\/banner-be-fr.png 714w, https:\/\/www.roomcloud.net\/wp-content\/uploads\/2025\/06\/banner-be-fr-300x76.png 300w\" sizes=\"(max-width: 714px) 100vw, 714px\" \/>\t\t\t\t\t\t\t\t\t\t\t\t\t\t\t<\/div>\n\t\t\t\t<\/div>\n\t\t\t\t<\/div>\n\t\t<div class=\"elementor-element elementor-element-a19d218 e-con-full e-flex e-con e-child\" data-id=\"a19d218\" data-element_type=\"container\" data-e-type=\"container\">\n\t\t\t\t<div class=\"elementor-element elementor-element-a3473a7 elementor-align-right elementor-widget elementor-widget-button\" data-id=\"a3473a7\" data-element_type=\"widget\" data-e-type=\"widget\" data-widget_type=\"button.default\">\n\t\t\t\t<div class=\"elementor-widget-container\">\n\t\t\t\t\t\t\t\t\t<div class=\"elementor-button-wrapper\">\n\t\t\t\t\t<a class=\"elementor-button elementor-button-link elementor-size-sm\" href=\"\/fr\/sinscrire\/\">\n\t\t\t\t\t\t<span class=\"elementor-button-content-wrapper\">\n\t\t\t\t\t\t\t\t\t<span class=\"elementor-button-text\">Demande de d\u00e9monstration GRATUITE<\/span>\n\t\t\t\t\t<\/span>\n\t\t\t\t\t<\/a>\n\t\t\t\t<\/div>\n\t\t\t\t\t\t\t\t<\/div>\n\t\t\t\t<\/div>\n\t\t\t\t<\/div>\n\t\t\t\t<\/div>\n\t\t\t\t\t<\/div>\n\t\t\t\t<\/div>\n\t\t<div class=\"elementor-element elementor-element-1252e841 e-flex e-con-boxed e-con e-parent\" data-id=\"1252e841\" data-element_type=\"container\" data-e-type=\"container\">\n\t\t\t\t\t<div class=\"e-con-inner\">\n\t\t\t\t<div class=\"elementor-element elementor-element-4a73ff9f elementor-widget elementor-widget-spacer\" data-id=\"4a73ff9f\" data-element_type=\"widget\" data-e-type=\"widget\" data-widget_type=\"spacer.default\">\n\t\t\t\t<div class=\"elementor-widget-container\">\n\t\t\t\t\t\t\t<div class=\"elementor-spacer\">\n\t\t\t<div class=\"elementor-spacer-inner\"><\/div>\n\t\t<\/div>\n\t\t\t\t\t\t<\/div>\n\t\t\t\t<\/div>\n\t\t\t\t\t<\/div>\n\t\t\t\t<\/div>\n\t\t\t\t<\/div>\n\t\t","protected":false},"excerpt":{"rendered":"<p>Moteur de r\u00e9servation Booking Engine RoomCloud Channel Manager vous permet de r\u00e9server directement sur votre site \u00e0 l&rsquo;aide d&rsquo;un moteur de r\u00e9servation. Pourquoi avez-vous besoin d&rsquo;un moteur de r\u00e9servation ? Peu importe que vous soyez propri\u00e9taire d&rsquo;un h\u00f4tel, d&rsquo;un g\u00eete ou d&rsquo;un appartement. Les personnes qui visitent le site web de votre h\u00f4tel ou de [&hellip;]<\/p>\n","protected":false},"author":1,"featured_media":0,"parent":0,"menu_order":0,"comment_status":"closed","ping_status":"closed","template":"","meta":{"inline_featured_image":false,"footnotes":""},"class_list":["post-6984","page","type-page","status-publish","hentry"],"_links":{"self":[{"href":"https:\/\/www.roomcloud.net\/fr\/wp-json\/wp\/v2\/pages\/6984","targetHints":{"allow":["GET"]}}],"collection":[{"href":"https:\/\/www.roomcloud.net\/fr\/wp-json\/wp\/v2\/pages"}],"about":[{"href":"https:\/\/www.roomcloud.net\/fr\/wp-json\/wp\/v2\/types\/page"}],"author":[{"embeddable":true,"href":"https:\/\/www.roomcloud.net\/fr\/wp-json\/wp\/v2\/users\/1"}],"replies":[{"embeddable":true,"href":"https:\/\/www.roomcloud.net\/fr\/wp-json\/wp\/v2\/comments?post=6984"}],"version-history":[{"count":0,"href":"https:\/\/www.roomcloud.net\/fr\/wp-json\/wp\/v2\/pages\/6984\/revisions"}],"wp:attachment":[{"href":"https:\/\/www.roomcloud.net\/fr\/wp-json\/wp\/v2\/media?parent=6984"}],"curies":[{"name":"wp","href":"https:\/\/api.w.org\/{rel}","templated":true}]}}