{"id":7034,"date":"2025-04-24T13:45:13","date_gmt":"2025-04-24T13:45:13","guid":{"rendered":"https:\/\/www.travelike.it\/gestionnaire-de-canaux-quest-ce-que-cest-pourquoi-lavoir-et-comment-le-choisir\/gestionnaire-de-canaux-pour-les-petites-proprietes-oui-et-voici-pourquoi\/"},"modified":"2025-06-13T05:56:41","modified_gmt":"2025-06-13T05:56:41","slug":"gestionnaire-de-canaux-pour-les-petites-proprietes-oui-et-voici-pourquoi","status":"publish","type":"page","link":"https:\/\/www.roomcloud.net\/fr\/qu-est-ce-que-channel-manager\/petit-immeubles\/","title":{"rendered":"Channel manager pour les petites propri\u00e9t\u00e9s ? Oui, et voici pourquoi"},"content":{"rendered":"\t\t<div data-elementor-type=\"wp-page\" data-elementor-id=\"7034\" class=\"elementor elementor-7034 elementor-2094\" data-elementor-post-type=\"page\">\n\t\t\t\t<div class=\"elementor-element elementor-element-23e427a0 e-flex e-con-boxed e-con e-parent\" data-id=\"23e427a0\" data-element_type=\"container\" data-e-type=\"container\">\n\t\t\t\t\t<div class=\"e-con-inner\">\n\t\t\t\t<div class=\"elementor-element elementor-element-2f0f7d89 elementor-widget elementor-widget-spacer\" data-id=\"2f0f7d89\" data-element_type=\"widget\" data-e-type=\"widget\" data-widget_type=\"spacer.default\">\n\t\t\t\t<div class=\"elementor-widget-container\">\n\t\t\t\t\t\t\t<div class=\"elementor-spacer\">\n\t\t\t<div class=\"elementor-spacer-inner\"><\/div>\n\t\t<\/div>\n\t\t\t\t\t\t<\/div>\n\t\t\t\t<\/div>\n\t\t\t\t\t<\/div>\n\t\t\t\t<\/div>\n\t\t<div class=\"elementor-element elementor-element-442fcb74 e-flex e-con-boxed e-con e-parent\" data-id=\"442fcb74\" data-element_type=\"container\" data-e-type=\"container\">\n\t\t\t\t\t<div class=\"e-con-inner\">\n\t\t\t\t<div class=\"elementor-element elementor-element-2567a7ea elementor-widget elementor-widget-heading\" data-id=\"2567a7ea\" data-element_type=\"widget\" data-e-type=\"widget\" data-widget_type=\"heading.default\">\n\t\t\t\t<div class=\"elementor-widget-container\">\n\t\t\t\t\t<div class=\"elementor-heading-title elementor-size-default\">Channel manager<\/div>\t\t\t\t<\/div>\n\t\t\t\t<\/div>\n\t\t\t\t<div class=\"elementor-element elementor-element-366f6b88 elementor-widget__width-initial elementor-widget elementor-widget-heading\" data-id=\"366f6b88\" data-element_type=\"widget\" data-e-type=\"widget\" data-widget_type=\"heading.default\">\n\t\t\t\t<div class=\"elementor-widget-container\">\n\t\t\t\t\t<h1 class=\"elementor-heading-title elementor-size-default\">Channel manager pour les petites propri\u00e9t\u00e9s ? Oui, et voici pourquoi <\/h1>\t\t\t\t<\/div>\n\t\t\t\t<\/div>\n\t\t\t\t<div class=\"elementor-element elementor-element-6eaa3d27 elementor-widget elementor-widget-text-editor\" data-id=\"6eaa3d27\" data-element_type=\"widget\" data-e-type=\"widget\" data-widget_type=\"text-editor.default\">\n\t\t\t\t<div class=\"elementor-widget-container\">\n\t\t\t\t\t\t\t\t\t<p>Avez-vous besoin d&rsquo;un Channel manager pour les petites propri\u00e9t\u00e9s ? Le propri\u00e9taire d&rsquo;une chambre d&rsquo;h\u00f4te ou d&rsquo;une ferme avec quelques chambres ou quelques appartements peut avoir des doutes sur l&rsquo;opportunit\u00e9 d&rsquo;utiliser ce programme. Et la question est plus que l\u00e9gitime.  <\/p>\t\t\t\t\t\t\t\t<\/div>\n\t\t\t\t<\/div>\n\t\t\t\t\t<\/div>\n\t\t\t\t<\/div>\n\t\t<div class=\"elementor-element elementor-element-713f5c6f e-flex e-con-boxed e-con e-parent\" data-id=\"713f5c6f\" data-element_type=\"container\" data-e-type=\"container\">\n\t\t\t\t\t<div class=\"e-con-inner\">\n\t\t<div class=\"elementor-element elementor-element-2d3cbfcb e-con-full e-flex e-con e-child\" data-id=\"2d3cbfcb\" data-element_type=\"container\" data-e-type=\"container\" data-settings=\"{&quot;background_background&quot;:&quot;classic&quot;}\">\n\t\t\t\t<\/div>\n\t\t<div class=\"elementor-element elementor-element-41dbf5e8 e-con-full e-flex e-con e-child\" data-id=\"41dbf5e8\" data-element_type=\"container\" data-e-type=\"container\" data-settings=\"{&quot;background_background&quot;:&quot;classic&quot;}\">\n\t\t<div class=\"elementor-element elementor-element-7ad9c2f e-con-full e-flex e-con e-child\" data-id=\"7ad9c2f\" data-element_type=\"container\" data-e-type=\"container\" data-settings=\"{&quot;background_background&quot;:&quot;classic&quot;}\">\n\t\t\t\t<div class=\"elementor-element elementor-element-63c791f2 elementor-widget elementor-widget-text-editor\" data-id=\"63c791f2\" data-element_type=\"widget\" data-e-type=\"widget\" data-widget_type=\"text-editor.default\">\n\t\t\t\t<div class=\"elementor-widget-container\">\n\t\t\t\t\t\t\t\t\t<p><span data-offset-key=\"eat3l-0-0\">Le budget disponible pour les logiciels est inf\u00e9rieur \u00e0 celui des grands h\u00f4tels et les gens essaient d&rsquo;\u00e9conomiser l\u00e0 o\u00f9 ils le peuvent. <\/span><span class=\"hardreadability\"><span data-offset-key=\"eat3l-1-0\">Souvent, les \u00e9tablissements \u00e0 capacit\u00e9 limit\u00e9e sont en fait g\u00e9r\u00e9s par un petit nombre de personnes, qui se retrouvent \u00e0 faire plusieurs m\u00e9tiers diff\u00e9rents<\/span><\/span><span data-offset-key=\"eat3l-2-0\">.<\/span><\/p>\t\t\t\t\t\t\t\t<\/div>\n\t\t\t\t<\/div>\n\t\t\t\t<\/div>\n\t\t\t\t<\/div>\n\t\t\t\t\t<\/div>\n\t\t\t\t<\/div>\n\t\t<div class=\"elementor-element elementor-element-11bd59e7 elementor-hidden-mobile e-flex e-con-boxed e-con e-parent\" data-id=\"11bd59e7\" data-element_type=\"container\" data-e-type=\"container\">\n\t\t\t\t\t<div class=\"e-con-inner\">\n\t\t\t\t<div class=\"elementor-element elementor-element-336fff7 elementor-widget elementor-widget-spacer\" data-id=\"336fff7\" data-element_type=\"widget\" data-e-type=\"widget\" data-widget_type=\"spacer.default\">\n\t\t\t\t<div class=\"elementor-widget-container\">\n\t\t\t\t\t\t\t<div class=\"elementor-spacer\">\n\t\t\t<div class=\"elementor-spacer-inner\"><\/div>\n\t\t<\/div>\n\t\t\t\t\t\t<\/div>\n\t\t\t\t<\/div>\n\t\t\t\t\t<\/div>\n\t\t\t\t<\/div>\n\t\t<div class=\"elementor-element elementor-element-bde4377 elementor-hidden-tablet e-flex e-con-boxed e-con e-parent\" data-id=\"bde4377\" data-element_type=\"container\" data-e-type=\"container\">\n\t\t\t\t\t<div class=\"e-con-inner\">\n\t\t\t\t<div class=\"elementor-element elementor-element-196f51ce elementor-widget elementor-widget-spacer\" data-id=\"196f51ce\" data-element_type=\"widget\" data-e-type=\"widget\" data-widget_type=\"spacer.default\">\n\t\t\t\t<div class=\"elementor-widget-container\">\n\t\t\t\t\t\t\t<div class=\"elementor-spacer\">\n\t\t\t<div class=\"elementor-spacer-inner\"><\/div>\n\t\t<\/div>\n\t\t\t\t\t\t<\/div>\n\t\t\t\t<\/div>\n\t\t\t\t\t<\/div>\n\t\t\t\t<\/div>\n\t\t<div class=\"elementor-element elementor-element-edc9a28 e-flex e-con-boxed e-con e-parent\" data-id=\"edc9a28\" data-element_type=\"container\" data-e-type=\"container\">\n\t\t\t\t\t<div class=\"e-con-inner\">\n\t\t<div class=\"elementor-element elementor-element-60647f1c e-con-full e-flex e-con e-child\" data-id=\"60647f1c\" data-element_type=\"container\" data-e-type=\"container\">\n\t\t\t\t<div class=\"elementor-element elementor-element-43f0ce60 elementor-widget__width-initial elementor-widget-mobile__width-initial elementor-widget elementor-widget-heading\" data-id=\"43f0ce60\" data-element_type=\"widget\" data-e-type=\"widget\" data-widget_type=\"heading.default\">\n\t\t\t\t<div class=\"elementor-widget-container\">\n\t\t\t\t\t<h2 class=\"elementor-heading-title elementor-size-default\">Avantages du channel manager pour les petites propri\u00e9t\u00e9s<\/h2>\t\t\t\t<\/div>\n\t\t\t\t<\/div>\n\t\t\t\t<\/div>\n\t\t<div class=\"elementor-element elementor-element-3e1b7bf6 e-con-full e-flex e-con e-child\" data-id=\"3e1b7bf6\" data-element_type=\"container\" data-e-type=\"container\">\n\t\t\t\t<div class=\"elementor-element elementor-element-5082b030 elementor-widget elementor-widget-text-editor\" data-id=\"5082b030\" data-element_type=\"widget\" data-e-type=\"widget\" data-widget_type=\"text-editor.default\">\n\t\t\t\t<div class=\"elementor-widget-container\">\n\t\t\t\t\t\t\t\t\t<p><span class=\"complexword\"><span data-offset-key=\"eat3l-3-0\">Toutefois, le Channel manager pour les petites<\/span><\/span><span class=\"hardreadability\"><span data-offset-key=\"eat3l-4-0\"> est l&rsquo;un de ces outils indispensables pour lesquels l&rsquo;investissement est certainement rentable. <\/span><\/span><span class=\"adverb\"><span data-offset-key=\"eat3l-5-0\">certainement<\/span><\/span><span class=\"hardreadability\"><span data-offset-key=\"eat3l-6-0\"> l&rsquo;investissement est certainement rentabilis\u00e9<\/span><\/span><span data-offset-key=\"eat3l-7-0\">. Voici pourquoi.<\/span><\/p><ul><li><span data-offset-key=\"eat3l-7-0\"><strong>Il vous permet de gagner du temps dans la gestion des ventes en ligne<\/strong>. Dans une petite propri\u00e9t\u00e9 g\u00e9r\u00e9e par quelques personnes, chaque minute r\u00e9cup\u00e9r\u00e9e et utilis\u00e9e pour le service \u00e0 la client\u00e8le peut \u00eatre inestimable. Le Channel manager g\u00e8re automatiquement les prix et la disponibilit\u00e9 sur tous les canaux sur lesquels vous vendez votre bien. Vous n&rsquo;avez donc pas \u00e0 le faire. <\/span><\/li><li><span data-offset-key=\"eat3l-7-0\"><strong>Permet d&rsquo;acc\u00e9der \u00e0 des march\u00e9s de niche<\/strong>. M\u00eame les petites propri\u00e9t\u00e9s ont besoin des OTA <\/span><span data-offset-key=\"eat3l-9-0\">mais vous ne devez pas penser uniquement aux grands noms. <\/span><span class=\"complexword\"><span data-offset-key=\"eat3l-10-0\">Au contraire<\/span><\/span><span data-offset-key=\"eat3l-11-0\">Gr\u00e2ce \u00e0 un gestionnaire de cha\u00eenes, il est \u00e9galement possible de g\u00e9rer des cha\u00eenes locales mineures. <\/span><span class=\"qualifier\"><span data-offset-key=\"eat3l-12-0\">Peut-\u00eatre<\/span><\/span><span data-offset-key=\"eat3l-13-0\"> celles qui sont sp\u00e9cialis\u00e9es dans les \u00e9missions ind\u00e9pendantes et originales comme la v\u00f4tre.<\/span><\/li><li><span data-offset-key=\"eat3l-13-0\"><strong>Augmentez vos chances de recevoir des r\u00e9servations et \u00e9vitez le surbooking<\/strong>. <\/span><span class=\"adverb\"><span data-offset-key=\"eat3l-14-0\">Fondamentalement, il simplifie les deux principaux aspects de la gestion op\u00e9rationnelle de votre allocation.<\/span><\/span><span class=\"hardreadability\"><span data-offset-key=\"eat3l-15-0\">. il simplifie les deux principaux aspects de la gestion op\u00e9rationnelle de votre allocation<\/span><\/span><span data-offset-key=\"eat3l-16-0\">. <\/span><span class=\"qualifier\"><span data-offset-key=\"eat3l-17-0\">Juste<\/span><\/span><span data-offset-key=\"eat3l-18-0\"> ceux pour lesquels vous ne voulez pas commettre d&rsquo;erreurs d&rsquo;inattention.<\/span><\/li><\/ul><p><span class=\"hardreadability\"><span data-offset-key=\"eat3l-19-0\">Ce ne sont l\u00e0 que les premiers avantages qu&rsquo;un g\u00e9rant de chambre d&rsquo;h\u00f4tes, d&rsquo;agritourisme ou d&rsquo;appartement peut tirer du gestionnaire de canal.<\/span><\/span><span data-offset-key=\"eat3l-20-0\">. Pour d\u00e9couvrir tous les autres, demandez un essai gratuit de 30 jours du RoomCloud Channel Manager. Vous n&rsquo;aurez pas <\/span><span class=\"passivevoice\"><span data-offset-key=\"eat3l-21-0\">\u00eatre d\u00e9\u00e7u<\/span><\/span><span data-offset-key=\"eat3l-22-0\">! <\/span><\/p>\t\t\t\t\t\t\t\t<\/div>\n\t\t\t\t<\/div>\n\t\t\t\t<\/div>\n\t\t\t\t\t<\/div>\n\t\t\t\t<\/div>\n\t\t<div class=\"elementor-element elementor-element-7a216c45 e-flex e-con-boxed e-con e-parent\" data-id=\"7a216c45\" data-element_type=\"container\" data-e-type=\"container\">\n\t\t\t\t\t<div class=\"e-con-inner\">\n\t\t\t\t<div class=\"elementor-element elementor-element-5e398251 elementor-widget elementor-widget-spacer\" data-id=\"5e398251\" data-element_type=\"widget\" data-e-type=\"widget\" data-widget_type=\"spacer.default\">\n\t\t\t\t<div class=\"elementor-widget-container\">\n\t\t\t\t\t\t\t<div class=\"elementor-spacer\">\n\t\t\t<div class=\"elementor-spacer-inner\"><\/div>\n\t\t<\/div>\n\t\t\t\t\t\t<\/div>\n\t\t\t\t<\/div>\n\t\t\t\t\t<\/div>\n\t\t\t\t<\/div>\n\t\t\t\t<\/div>\n\t\t","protected":false},"excerpt":{"rendered":"<p>Channel manager Channel manager pour les petites propri\u00e9t\u00e9s ? Oui, et voici pourquoi Avez-vous besoin d&rsquo;un Channel manager pour les petites propri\u00e9t\u00e9s ? Le propri\u00e9taire d&rsquo;une chambre d&rsquo;h\u00f4te ou d&rsquo;une ferme avec quelques chambres ou quelques appartements peut avoir des doutes sur l&rsquo;opportunit\u00e9 d&rsquo;utiliser ce programme. Et la question est plus que l\u00e9gitime. Le budget [&hellip;]<\/p>\n","protected":false},"author":1,"featured_media":6365,"parent":7028,"menu_order":0,"comment_status":"closed","ping_status":"closed","template":"","meta":{"inline_featured_image":false,"footnotes":""},"class_list":["post-7034","page","type-page","status-publish","has-post-thumbnail","hentry"],"_links":{"self":[{"href":"https:\/\/www.roomcloud.net\/fr\/wp-json\/wp\/v2\/pages\/7034","targetHints":{"allow":["GET"]}}],"collection":[{"href":"https:\/\/www.roomcloud.net\/fr\/wp-json\/wp\/v2\/pages"}],"about":[{"href":"https:\/\/www.roomcloud.net\/fr\/wp-json\/wp\/v2\/types\/page"}],"author":[{"embeddable":true,"href":"https:\/\/www.roomcloud.net\/fr\/wp-json\/wp\/v2\/users\/1"}],"replies":[{"embeddable":true,"href":"https:\/\/www.roomcloud.net\/fr\/wp-json\/wp\/v2\/comments?post=7034"}],"version-history":[{"count":0,"href":"https:\/\/www.roomcloud.net\/fr\/wp-json\/wp\/v2\/pages\/7034\/revisions"}],"up":[{"embeddable":true,"href":"https:\/\/www.roomcloud.net\/fr\/wp-json\/wp\/v2\/pages\/7028"}],"wp:featuredmedia":[{"embeddable":true,"href":"https:\/\/www.roomcloud.net\/fr\/wp-json\/wp\/v2\/media\/6365"}],"wp:attachment":[{"href":"https:\/\/www.roomcloud.net\/fr\/wp-json\/wp\/v2\/media?parent=7034"}],"curies":[{"name":"wp","href":"https:\/\/api.w.org\/{rel}","templated":true}]}}