{"id":7104,"date":"2025-04-24T13:45:13","date_gmt":"2025-04-24T13:45:13","guid":{"rendered":"https:\/\/www.travelike.it\/channel-manager-per-piccole-proprieta-si-ed-ecco-perche\/"},"modified":"2025-06-13T05:56:04","modified_gmt":"2025-06-13T05:56:04","slug":"piccole-proprieta","status":"publish","type":"page","link":"https:\/\/www.roomcloud.net\/it\/cosa-e-channel-manager\/piccole-proprieta\/","title":{"rendered":"Channel manager per piccole propriet\u00e0? S\u00ec ed ecco perch\u00e9"},"content":{"rendered":"\t\t<div data-elementor-type=\"wp-page\" data-elementor-id=\"7104\" class=\"elementor elementor-7104 elementor-2094\" data-elementor-post-type=\"page\">\n\t\t\t\t<div class=\"elementor-element elementor-element-23e427a0 e-flex e-con-boxed e-con e-parent\" data-id=\"23e427a0\" data-element_type=\"container\" data-e-type=\"container\">\n\t\t\t\t\t<div class=\"e-con-inner\">\n\t\t\t\t<div class=\"elementor-element elementor-element-2f0f7d89 elementor-widget elementor-widget-spacer\" data-id=\"2f0f7d89\" data-element_type=\"widget\" data-e-type=\"widget\" data-widget_type=\"spacer.default\">\n\t\t\t\t<div class=\"elementor-widget-container\">\n\t\t\t\t\t\t\t<div class=\"elementor-spacer\">\n\t\t\t<div class=\"elementor-spacer-inner\"><\/div>\n\t\t<\/div>\n\t\t\t\t\t\t<\/div>\n\t\t\t\t<\/div>\n\t\t\t\t\t<\/div>\n\t\t\t\t<\/div>\n\t\t<div class=\"elementor-element elementor-element-442fcb74 e-flex e-con-boxed e-con e-parent\" data-id=\"442fcb74\" data-element_type=\"container\" data-e-type=\"container\">\n\t\t\t\t\t<div class=\"e-con-inner\">\n\t\t\t\t<div class=\"elementor-element elementor-element-2567a7ea elementor-widget elementor-widget-heading\" data-id=\"2567a7ea\" data-element_type=\"widget\" data-e-type=\"widget\" data-widget_type=\"heading.default\">\n\t\t\t\t<div class=\"elementor-widget-container\">\n\t\t\t\t\t<div class=\"elementor-heading-title elementor-size-default\">Channel Manager<\/div>\t\t\t\t<\/div>\n\t\t\t\t<\/div>\n\t\t\t\t<div class=\"elementor-element elementor-element-366f6b88 elementor-widget__width-initial elementor-widget elementor-widget-heading\" data-id=\"366f6b88\" data-element_type=\"widget\" data-e-type=\"widget\" data-widget_type=\"heading.default\">\n\t\t\t\t<div class=\"elementor-widget-container\">\n\t\t\t\t\t<h1 class=\"elementor-heading-title elementor-size-default\">Channel manager per piccole propriet\u00e0? S\u00ec ed ecco perch\u00e9 <\/h1>\t\t\t\t<\/div>\n\t\t\t\t<\/div>\n\t\t\t\t<div class=\"elementor-element elementor-element-6eaa3d27 elementor-widget elementor-widget-text-editor\" data-id=\"6eaa3d27\" data-element_type=\"widget\" data-e-type=\"widget\" data-widget_type=\"text-editor.default\">\n\t\t\t\t<div class=\"elementor-widget-container\">\n\t\t\t\t\t\t\t\t\t<p>Hai bisogno di un channel manager per piccole propriet\u00e0? Il proprietario di un B&amp;B o di un agriturismo con poche camere o pochi appartamenti potrebbe avere dei dubbi sull&#8217;opportunit\u00e0 di utilizzare questo programma. E la domanda \u00e8 pi\u00f9 che legittima.  <\/p>\t\t\t\t\t\t\t\t<\/div>\n\t\t\t\t<\/div>\n\t\t\t\t\t<\/div>\n\t\t\t\t<\/div>\n\t\t<div class=\"elementor-element elementor-element-713f5c6f e-flex e-con-boxed e-con e-parent\" data-id=\"713f5c6f\" data-element_type=\"container\" data-e-type=\"container\">\n\t\t\t\t\t<div class=\"e-con-inner\">\n\t\t<div class=\"elementor-element elementor-element-2d3cbfcb e-con-full e-flex e-con e-child\" data-id=\"2d3cbfcb\" data-element_type=\"container\" data-e-type=\"container\" data-settings=\"{&quot;background_background&quot;:&quot;classic&quot;}\">\n\t\t\t\t<\/div>\n\t\t<div class=\"elementor-element elementor-element-41dbf5e8 e-con-full e-flex e-con e-child\" data-id=\"41dbf5e8\" data-element_type=\"container\" data-e-type=\"container\" data-settings=\"{&quot;background_background&quot;:&quot;classic&quot;}\">\n\t\t<div class=\"elementor-element elementor-element-7ad9c2f e-con-full e-flex e-con e-child\" data-id=\"7ad9c2f\" data-element_type=\"container\" data-e-type=\"container\" data-settings=\"{&quot;background_background&quot;:&quot;classic&quot;}\">\n\t\t\t\t<div class=\"elementor-element elementor-element-63c791f2 elementor-widget elementor-widget-text-editor\" data-id=\"63c791f2\" data-element_type=\"widget\" data-e-type=\"widget\" data-widget_type=\"text-editor.default\">\n\t\t\t\t<div class=\"elementor-widget-container\">\n\t\t\t\t\t\t\t\t\t<p><span data-offset-key=\"eat3l-0-0\">Il budget a disposizione per il software \u00e8 inferiore a quello dei grandi alberghi e si cerca di risparmiare dove si pu\u00f2. <\/span><span class=\"hardreadability\"><span data-offset-key=\"eat3l-1-0\">Spesso le propriet\u00e0 con una capacit\u00e0 limitata sono gestite da poche persone, che si ritrovano a svolgere molti lavori diversi.<\/span><\/span><span data-offset-key=\"eat3l-2-0\">.<\/span><\/p>\t\t\t\t\t\t\t\t<\/div>\n\t\t\t\t<\/div>\n\t\t\t\t<\/div>\n\t\t\t\t<\/div>\n\t\t\t\t\t<\/div>\n\t\t\t\t<\/div>\n\t\t<div class=\"elementor-element elementor-element-11bd59e7 elementor-hidden-mobile e-flex e-con-boxed e-con e-parent\" data-id=\"11bd59e7\" data-element_type=\"container\" data-e-type=\"container\">\n\t\t\t\t\t<div class=\"e-con-inner\">\n\t\t\t\t<div class=\"elementor-element elementor-element-336fff7 elementor-widget elementor-widget-spacer\" data-id=\"336fff7\" data-element_type=\"widget\" data-e-type=\"widget\" data-widget_type=\"spacer.default\">\n\t\t\t\t<div class=\"elementor-widget-container\">\n\t\t\t\t\t\t\t<div class=\"elementor-spacer\">\n\t\t\t<div class=\"elementor-spacer-inner\"><\/div>\n\t\t<\/div>\n\t\t\t\t\t\t<\/div>\n\t\t\t\t<\/div>\n\t\t\t\t\t<\/div>\n\t\t\t\t<\/div>\n\t\t<div class=\"elementor-element elementor-element-bde4377 elementor-hidden-tablet e-flex e-con-boxed e-con e-parent\" data-id=\"bde4377\" data-element_type=\"container\" data-e-type=\"container\">\n\t\t\t\t\t<div class=\"e-con-inner\">\n\t\t\t\t<div class=\"elementor-element elementor-element-196f51ce elementor-widget elementor-widget-spacer\" data-id=\"196f51ce\" data-element_type=\"widget\" data-e-type=\"widget\" data-widget_type=\"spacer.default\">\n\t\t\t\t<div class=\"elementor-widget-container\">\n\t\t\t\t\t\t\t<div class=\"elementor-spacer\">\n\t\t\t<div class=\"elementor-spacer-inner\"><\/div>\n\t\t<\/div>\n\t\t\t\t\t\t<\/div>\n\t\t\t\t<\/div>\n\t\t\t\t\t<\/div>\n\t\t\t\t<\/div>\n\t\t<div class=\"elementor-element elementor-element-edc9a28 e-flex e-con-boxed e-con e-parent\" data-id=\"edc9a28\" data-element_type=\"container\" data-e-type=\"container\">\n\t\t\t\t\t<div class=\"e-con-inner\">\n\t\t<div class=\"elementor-element elementor-element-60647f1c e-con-full e-flex e-con e-child\" data-id=\"60647f1c\" data-element_type=\"container\" data-e-type=\"container\">\n\t\t\t\t<div class=\"elementor-element elementor-element-43f0ce60 elementor-widget__width-initial elementor-widget-mobile__width-initial elementor-widget elementor-widget-heading\" data-id=\"43f0ce60\" data-element_type=\"widget\" data-e-type=\"widget\" data-widget_type=\"heading.default\">\n\t\t\t\t<div class=\"elementor-widget-container\">\n\t\t\t\t\t<h2 class=\"elementor-heading-title elementor-size-default\">I vantaggi del channel manager per le piccole propriet\u00e0<\/h2>\t\t\t\t<\/div>\n\t\t\t\t<\/div>\n\t\t\t\t<\/div>\n\t\t<div class=\"elementor-element elementor-element-3e1b7bf6 e-con-full e-flex e-con e-child\" data-id=\"3e1b7bf6\" data-element_type=\"container\" data-e-type=\"container\">\n\t\t\t\t<div class=\"elementor-element elementor-element-5082b030 elementor-widget elementor-widget-text-editor\" data-id=\"5082b030\" data-element_type=\"widget\" data-e-type=\"widget\" data-widget_type=\"text-editor.default\">\n\t\t\t\t<div class=\"elementor-widget-container\">\n\t\t\t\t\t\t\t\t\t<p><span class=\"complexword\"><span data-offset-key=\"eat3l-3-0\">Tuttavia<\/span><\/span><span class=\"hardreadability\"><span data-offset-key=\"eat3l-4-0\">il channel manager per le piccole propriet\u00e0 \u00e8 uno di quegli strumenti indispensabili in cui l&#8217;investimento <\/span><\/span><span class=\"adverb\"><span data-offset-key=\"eat3l-5-0\">sicuramente<\/span><\/span><span class=\"hardreadability\"><span data-offset-key=\"eat3l-6-0\"> ripaga il costo<\/span><\/span><span data-offset-key=\"eat3l-7-0\">. Ecco perch\u00e9.<\/span><\/p><ul><li><span data-offset-key=\"eat3l-7-0\"><strong>Ti permette di risparmiare tempo nella gestione delle vendite online<\/strong>. In una piccola struttura gestita da poche persone, ogni minuto recuperato e utilizzato per l&#8217;assistenza ai clienti pu\u00f2 essere prezioso. Il channel manager gestisce automaticamente i prezzi e la disponibilit\u00e0 su tutti i canali su cui vendi la tua propriet\u00e0. In questo modo non dovrai farlo tu. <\/span><\/li><li><span data-offset-key=\"eat3l-7-0\"><strong>Permette di accedere a mercati di nicchia<\/strong>. Anche le propriet\u00e0 pi\u00f9 piccole hanno bisogno delle OTA <\/span><span data-offset-key=\"eat3l-9-0\">Ma non devi pensare solo ai grandi nomi. <\/span><span class=\"complexword\"><span data-offset-key=\"eat3l-10-0\">Al contrario<\/span><\/span><span data-offset-key=\"eat3l-11-0\">Grazie a un channel manager \u00e8 possibile gestire anche canali locali minori. <\/span><span class=\"qualifier\"><span data-offset-key=\"eat3l-12-0\">Magari<\/span><\/span><span data-offset-key=\"eat3l-13-0\"> quelli specializzati in locali indipendenti e originali come il tuo.<\/span><\/li><li><span data-offset-key=\"eat3l-13-0\"><strong>Aumenta le possibilit\u00e0 di ricevere prenotazioni ed evita l&#8217;overbooking<\/strong>. <\/span><span class=\"adverb\"><span data-offset-key=\"eat3l-14-0\">In pratica<\/span><\/span><span class=\"hardreadability\"><span data-offset-key=\"eat3l-15-0\">semplifica i due aspetti principali della gestione operativa delle tue assegnazioni<\/span><\/span><span data-offset-key=\"eat3l-16-0\">. <\/span><span class=\"qualifier\"><span data-offset-key=\"eat3l-17-0\">Solo<\/span><\/span><span data-offset-key=\"eat3l-18-0\"> quelli in cui non vuoi commettere errori.<\/span><\/li><\/ul><p><span class=\"hardreadability\"><span data-offset-key=\"eat3l-19-0\">Questi sono solo i primi vantaggi che un gestore di B&amp;B, agriturismo o appartamento pu\u00f2 ottenere dal channel manager<\/span><\/span><span data-offset-key=\"eat3l-20-0\">. Per scoprire tutte le altre, richiedi una prova gratuita di 30 giorni del <strong>RoomCloud Channel Manager<\/strong>. Non potrai <\/span><span class=\"passivevoice\"><span data-offset-key=\"eat3l-21-0\">rimanere delusi<\/span><\/span><span data-offset-key=\"eat3l-22-0\">! <\/span><\/p>\t\t\t\t\t\t\t\t<\/div>\n\t\t\t\t<\/div>\n\t\t\t\t<\/div>\n\t\t\t\t\t<\/div>\n\t\t\t\t<\/div>\n\t\t<div class=\"elementor-element elementor-element-7a216c45 e-flex e-con-boxed e-con e-parent\" data-id=\"7a216c45\" data-element_type=\"container\" data-e-type=\"container\">\n\t\t\t\t\t<div class=\"e-con-inner\">\n\t\t\t\t<div class=\"elementor-element elementor-element-5e398251 elementor-widget elementor-widget-spacer\" data-id=\"5e398251\" data-element_type=\"widget\" data-e-type=\"widget\" data-widget_type=\"spacer.default\">\n\t\t\t\t<div class=\"elementor-widget-container\">\n\t\t\t\t\t\t\t<div class=\"elementor-spacer\">\n\t\t\t<div class=\"elementor-spacer-inner\"><\/div>\n\t\t<\/div>\n\t\t\t\t\t\t<\/div>\n\t\t\t\t<\/div>\n\t\t\t\t\t<\/div>\n\t\t\t\t<\/div>\n\t\t\t\t<\/div>\n\t\t","protected":false},"excerpt":{"rendered":"<p>Channel Manager Channel manager per piccole propriet\u00e0? S\u00ec ed ecco perch\u00e9 Hai bisogno di un channel manager per piccole propriet\u00e0? Il proprietario di un B&amp;B o di un agriturismo con poche camere o pochi appartamenti potrebbe avere dei dubbi sull&#8217;opportunit\u00e0 di utilizzare questo programma. E la domanda \u00e8 pi\u00f9 che legittima. Il budget a disposizione [&hellip;]<\/p>\n","protected":false},"author":1,"featured_media":6366,"parent":7251,"menu_order":0,"comment_status":"closed","ping_status":"closed","template":"","meta":{"inline_featured_image":false,"footnotes":""},"class_list":["post-7104","page","type-page","status-publish","has-post-thumbnail","hentry"],"_links":{"self":[{"href":"https:\/\/www.roomcloud.net\/it\/wp-json\/wp\/v2\/pages\/7104","targetHints":{"allow":["GET"]}}],"collection":[{"href":"https:\/\/www.roomcloud.net\/it\/wp-json\/wp\/v2\/pages"}],"about":[{"href":"https:\/\/www.roomcloud.net\/it\/wp-json\/wp\/v2\/types\/page"}],"author":[{"embeddable":true,"href":"https:\/\/www.roomcloud.net\/it\/wp-json\/wp\/v2\/users\/1"}],"replies":[{"embeddable":true,"href":"https:\/\/www.roomcloud.net\/it\/wp-json\/wp\/v2\/comments?post=7104"}],"version-history":[{"count":0,"href":"https:\/\/www.roomcloud.net\/it\/wp-json\/wp\/v2\/pages\/7104\/revisions"}],"up":[{"embeddable":true,"href":"https:\/\/www.roomcloud.net\/it\/wp-json\/wp\/v2\/pages\/7251"}],"wp:featuredmedia":[{"embeddable":true,"href":"https:\/\/www.roomcloud.net\/it\/wp-json\/wp\/v2\/media\/6366"}],"wp:attachment":[{"href":"https:\/\/www.roomcloud.net\/it\/wp-json\/wp\/v2\/media?parent=7104"}],"curies":[{"name":"wp","href":"https:\/\/api.w.org\/{rel}","templated":true}]}}