{"id":7263,"date":"2025-04-13T12:43:34","date_gmt":"2025-04-13T12:43:34","guid":{"rendered":"https:\/\/www.travelike.it\/motore-di-prenotazione\/"},"modified":"2025-06-12T09:58:36","modified_gmt":"2025-06-12T09:58:36","slug":"be","status":"publish","type":"page","link":"https:\/\/www.roomcloud.net\/it\/be\/","title":{"rendered":"Booking Engine"},"content":{"rendered":"\t\t<div data-elementor-type=\"wp-page\" data-elementor-id=\"7263\" class=\"elementor elementor-7263 elementor-1752\" data-elementor-post-type=\"page\">\n\t\t\t\t<div class=\"elementor-element elementor-element-7d68f101 e-flex e-con-boxed e-con e-parent\" data-id=\"7d68f101\" data-element_type=\"container\" data-e-type=\"container\">\n\t\t\t\t\t<div class=\"e-con-inner\">\n\t\t\t\t<div class=\"elementor-element elementor-element-35c05b0d elementor-widget elementor-widget-spacer\" data-id=\"35c05b0d\" data-element_type=\"widget\" data-e-type=\"widget\" data-widget_type=\"spacer.default\">\n\t\t\t\t<div class=\"elementor-widget-container\">\n\t\t\t\t\t\t\t<div class=\"elementor-spacer\">\n\t\t\t<div class=\"elementor-spacer-inner\"><\/div>\n\t\t<\/div>\n\t\t\t\t\t\t<\/div>\n\t\t\t\t<\/div>\n\t\t\t\t\t<\/div>\n\t\t\t\t<\/div>\n\t\t<div class=\"elementor-element elementor-element-2ddb9ab7 e-flex e-con-boxed e-con e-parent\" data-id=\"2ddb9ab7\" data-element_type=\"container\" data-e-type=\"container\">\n\t\t\t\t\t<div class=\"e-con-inner\">\n\t\t\t\t<div class=\"elementor-element elementor-element-2979ca2d elementor-widget elementor-widget-heading\" data-id=\"2979ca2d\" data-element_type=\"widget\" data-e-type=\"widget\" data-widget_type=\"heading.default\">\n\t\t\t\t<div class=\"elementor-widget-container\">\n\t\t\t\t\t<div class=\"elementor-heading-title elementor-size-default\">Booking Engine<\/div>\t\t\t\t<\/div>\n\t\t\t\t<\/div>\n\t\t\t\t<div class=\"elementor-element elementor-element-6e4e7dc2 elementor-widget__width-initial elementor-widget elementor-widget-heading\" data-id=\"6e4e7dc2\" data-element_type=\"widget\" data-e-type=\"widget\" data-widget_type=\"heading.default\">\n\t\t\t\t<div class=\"elementor-widget-container\">\n\t\t\t\t\t<h1 class=\"elementor-heading-title elementor-size-default\">RoomCloud Booking Engine per hotel e appartamenti<\/h1>\t\t\t\t<\/div>\n\t\t\t\t<\/div>\n\t\t\t\t<div class=\"elementor-element elementor-element-5b7d92c0 elementor-widget elementor-widget-text-editor\" data-id=\"5b7d92c0\" data-element_type=\"widget\" data-e-type=\"widget\" data-widget_type=\"text-editor.default\">\n\t\t\t\t<div class=\"elementor-widget-container\">\n\t\t\t\t\t\t\t\t\t<p>RoomCloud Booking Engine ti permette di vendere direttamente tramite il tuo sito web.<\/p>\t\t\t\t\t\t\t\t<\/div>\n\t\t\t\t<\/div>\n\t\t\t\t\t<\/div>\n\t\t\t\t<\/div>\n\t\t<div class=\"elementor-element elementor-element-50fd9e09 e-flex e-con-boxed e-con e-parent\" data-id=\"50fd9e09\" data-element_type=\"container\" data-e-type=\"container\">\n\t\t\t\t\t<div class=\"e-con-inner\">\n\t\t<div class=\"elementor-element elementor-element-1f0ab534 e-con-full e-flex e-con e-child\" data-id=\"1f0ab534\" data-element_type=\"container\" data-e-type=\"container\" data-settings=\"{&quot;background_background&quot;:&quot;classic&quot;}\">\n\t\t<div class=\"elementor-element elementor-element-2fee6b3c e-con-full e-flex e-con e-child\" data-id=\"2fee6b3c\" data-element_type=\"container\" data-e-type=\"container\">\n\t\t\t\t<\/div>\n\t\t<div class=\"elementor-element elementor-element-19e2ea0c e-con-full e-flex e-con e-child\" data-id=\"19e2ea0c\" data-element_type=\"container\" data-e-type=\"container\">\n\t\t\t\t<\/div>\n\t\t\t\t<\/div>\n\t\t<div class=\"elementor-element elementor-element-502298f e-con-full e-flex e-con e-child\" data-id=\"502298f\" data-element_type=\"container\" data-e-type=\"container\" data-settings=\"{&quot;background_background&quot;:&quot;classic&quot;}\">\n\t\t<div class=\"elementor-element elementor-element-6396ee05 e-con-full e-flex e-con e-child\" data-id=\"6396ee05\" data-element_type=\"container\" data-e-type=\"container\" data-settings=\"{&quot;background_background&quot;:&quot;classic&quot;}\">\n\t\t\t\t<div class=\"elementor-element elementor-element-5d8cb02a elementor-widget elementor-widget-heading\" data-id=\"5d8cb02a\" data-element_type=\"widget\" data-e-type=\"widget\" data-widget_type=\"heading.default\">\n\t\t\t\t<div class=\"elementor-widget-container\">\n\t\t\t\t\t<h3 class=\"elementor-heading-title elementor-size-default\">Perch\u00e9 ti serve un Booking Engine<\/h3>\t\t\t\t<\/div>\n\t\t\t\t<\/div>\n\t\t\t\t<div class=\"elementor-element elementor-element-4e7dbb4a elementor-widget elementor-widget-text-editor\" data-id=\"4e7dbb4a\" data-element_type=\"widget\" data-e-type=\"widget\" data-widget_type=\"text-editor.default\">\n\t\t\t\t<div class=\"elementor-widget-container\">\n\t\t\t\t\t\t\t\t\t<p>Non importa se possiedi un hotel, un b&amp;b o un appartamento. Molte persone che visitano il sito web del tuo hotel o appartamento hanno prenotato attraverso un portale o un&#8217;agenzia online? Se invece potessero <strong>prenotare direttamente dal tuo sito con il motore di prenotazione<\/strong>, potresti risparmiare i costi di commissione che paghi per ogni prenotazione.  <\/p><p>Essere preparati \u00e8 un requisito importante per le vendite online.<br>Avere un sito web pieno di belle immagini e informazioni utili, ma senza la capacit\u00e0 di vendere istantaneamente quando i clienti decidono di acquistare, \u00e8 inutile. \u00c8 come avere un negozio con grandi articoli in vetrina, ma sempre chiuso!   <strong>Puoi guardare ma non comprare!<\/strong><\/p><p>Allora perch\u00e9 avere un booking engine? Innanzitutto perch\u00e9 le prenotazioni dirette aumenteranno e tu risparmierai sulle commissioni. In secondo luogo, perch\u00e9 aumenter\u00e0 la fedelt\u00e0 dei clienti. Un cliente che prenota attraverso il tuo sito web ha un legame pi\u00f9 profondo rispetto a chi ha prenotato attraverso un \u201cOTA. Inoltre, potrai aggiungere il suo indirizzo e-mail ai tuoi contatti per l\u201d invio di newsletter periodiche.    <\/p><p>Inoltre, il booking engine \u00e8 uno strumento eccezionale per l&#8217;analisi dei dati. Tutte le informazioni relative alle prenotazioni dirette ricevute vengono infatti raccolte dal software e possono essere utilizzate per impostare strategie di vendita efficaci. Naturalmente, il booking engine deve fornire in questo caso un&#8217;interfaccia adeguata che presenti i dati in modo semplice e immediato, come nell&#8217;immagine seguente.  <\/p>\t\t\t\t\t\t\t\t<\/div>\n\t\t\t\t<\/div>\n\t\t\t\t<\/div>\n\t\t\t\t<\/div>\n\t\t\t\t\t<\/div>\n\t\t\t\t<\/div>\n\t\t<div class=\"elementor-element elementor-element-512d2193 elementor-hidden-tablet e-flex e-con-boxed e-con e-parent\" data-id=\"512d2193\" data-element_type=\"container\" data-e-type=\"container\">\n\t\t\t\t\t<div class=\"e-con-inner\">\n\t\t\t\t<div class=\"elementor-element elementor-element-147e66f0 elementor-widget elementor-widget-spacer\" data-id=\"147e66f0\" data-element_type=\"widget\" data-e-type=\"widget\" data-widget_type=\"spacer.default\">\n\t\t\t\t<div class=\"elementor-widget-container\">\n\t\t\t\t\t\t\t<div class=\"elementor-spacer\">\n\t\t\t<div class=\"elementor-spacer-inner\"><\/div>\n\t\t<\/div>\n\t\t\t\t\t\t<\/div>\n\t\t\t\t<\/div>\n\t\t\t\t\t<\/div>\n\t\t\t\t<\/div>\n\t\t<div class=\"elementor-element elementor-element-6fc6d002 elementor-hidden-mobile e-flex e-con-boxed e-con e-parent\" data-id=\"6fc6d002\" data-element_type=\"container\" data-e-type=\"container\">\n\t\t\t\t\t<div class=\"e-con-inner\">\n\t\t\t\t<div class=\"elementor-element elementor-element-34cdb2e1 elementor-widget elementor-widget-spacer\" data-id=\"34cdb2e1\" data-element_type=\"widget\" data-e-type=\"widget\" data-widget_type=\"spacer.default\">\n\t\t\t\t<div class=\"elementor-widget-container\">\n\t\t\t\t\t\t\t<div class=\"elementor-spacer\">\n\t\t\t<div class=\"elementor-spacer-inner\"><\/div>\n\t\t<\/div>\n\t\t\t\t\t\t<\/div>\n\t\t\t\t<\/div>\n\t\t\t\t\t<\/div>\n\t\t\t\t<\/div>\n\t\t<div class=\"elementor-element elementor-element-dbd76c4 e-flex e-con-boxed e-con e-parent\" data-id=\"dbd76c4\" data-element_type=\"container\" data-e-type=\"container\">\n\t\t\t\t\t<div class=\"e-con-inner\">\n\t\t<div class=\"elementor-element elementor-element-3bc5bec e-con-full e-flex e-con e-child\" data-id=\"3bc5bec\" data-element_type=\"container\" data-e-type=\"container\">\n\t\t\t\t<div class=\"elementor-element elementor-element-1b6daecb elementor-widget__width-initial elementor-widget-mobile__width-initial elementor-widget elementor-widget-heading\" data-id=\"1b6daecb\" data-element_type=\"widget\" data-e-type=\"widget\" data-widget_type=\"heading.default\">\n\t\t\t\t<div class=\"elementor-widget-container\">\n\t\t\t\t\t<h2 class=\"elementor-heading-title elementor-size-default\">I principali vantaggi del booking engine<\/h2>\t\t\t\t<\/div>\n\t\t\t\t<\/div>\n\t\t\t\t<div class=\"elementor-element elementor-element-999965f elementor-widget elementor-widget-image\" data-id=\"999965f\" data-element_type=\"widget\" data-e-type=\"widget\" data-widget_type=\"image.default\">\n\t\t\t\t<div class=\"elementor-widget-container\">\n\t\t\t\t\t\t\t\t\t\t\t\t\t\t\t<img fetchpriority=\"high\" decoding=\"async\" width=\"800\" height=\"600\" src=\"https:\/\/www.roomcloud.net\/wp-content\/uploads\/2025\/04\/8_2268612275-1024x768.jpg\" class=\"attachment-large size-large wp-image-5700\" alt=\"RoomCloud mobile screenshot\" srcset=\"https:\/\/www.roomcloud.net\/wp-content\/uploads\/2025\/04\/8_2268612275-1024x768.jpg 1024w, https:\/\/www.roomcloud.net\/wp-content\/uploads\/2025\/04\/8_2268612275-300x225.jpg 300w, https:\/\/www.roomcloud.net\/wp-content\/uploads\/2025\/04\/8_2268612275-768x576.jpg 768w, https:\/\/www.roomcloud.net\/wp-content\/uploads\/2025\/04\/8_2268612275-1536x1152.jpg 1536w, https:\/\/www.roomcloud.net\/wp-content\/uploads\/2025\/04\/8_2268612275-2048x1536.jpg 2048w\" sizes=\"(max-width: 800px) 100vw, 800px\" \/>\t\t\t\t\t\t\t\t\t\t\t\t\t\t\t<\/div>\n\t\t\t\t<\/div>\n\t\t\t\t<\/div>\n\t\t<div class=\"elementor-element elementor-element-6e7727b4 e-con-full e-flex e-con e-child\" data-id=\"6e7727b4\" data-element_type=\"container\" data-e-type=\"container\">\n\t\t\t\t<div class=\"elementor-element elementor-element-687a5b7b elementor-widget elementor-widget-text-editor\" data-id=\"687a5b7b\" data-element_type=\"widget\" data-e-type=\"widget\" data-widget_type=\"text-editor.default\">\n\t\t\t\t<div class=\"elementor-widget-container\">\n\t\t\t\t\t\t\t\t\t<h3>Aumento delle prenotazioni dirette e risparmio sulle commissioni.<\/h3><p>Vendere le tue camere senza intermediari garantisce un maggiore risparmio e, di conseguenza, maggiori ricavi. In sostanza, il motore di prenotazione ti permette di ottenere un margine di profitto maggiore. <\/p><h3>Possibilit\u00e0 di aumentare la capacit\u00e0 di spesa del cliente con l&#8217;up e il cross-selling.<\/h3><p>Un motore di prenotazione di qualit\u00e0 aiuta a stimolare le scelte di acquisto dei clienti vendendo servizi con caratteristiche e costi superiori a quelli scelti inizialmente dal cliente (Up-Selling). Ad esempio l&#8217;upgrade della camera. Oppure vendendo servizi aggiuntivi legati al prodotto\/servizio iniziale scelto dal cliente (Cross-Selling). Ad esempio l&#8217;aggiunta della navetta per l&#8217;aeroporto, una bottiglia in camera, ecc.   <\/p><h3>Maggiore fedelt\u00e0 dei clienti.<\/h3><p>Un cliente che prenota attraverso il tuo sito web ha un legame pi\u00f9 profondo rispetto a chi ha prenotato attraverso un&#8217;OTA. Inoltre, puoi aggiungere la sua email ai tuoi contatti per inviare newsletter periodiche. <\/p><h3>Aumento del tasso di conversione.<\/h3><p>Una struttura che non utilizza il motore di prenotazione ha sicuramente un tasso di conversione pi\u00f9 basso. Ci\u00f2 \u00e8 dovuto al lungo, se non complicato, processo di conclusione di una prenotazione. Ad esempio, il cliente deve inviare un \u201ce-mail o addirittura chiamare l\u201d hotel, attendere una risposta e poi una conferma. Il successo dipende anche dalla disponibilit\u00e0 nel periodo desiderato e dai prezzi. Con il motore di prenotazione tutto questo avviene in modo rapido e automatico. Il personale non deve intervenire e il cliente non deve aspettare.     <\/p><h3>Risparmio di tempo.<\/h3><p>Come conseguenza del punto precedente, un altro vantaggio offerto dal motore di prenotazione \u00e8 il risparmio di tempo per entrambe le parti. L&#8217;utente pu\u00f2 prenotare ci\u00f2 che desidera in pochi minuti. Chi gestisce le prenotazioni ha pi\u00f9 tempo libero da dedicare ad altre attivit\u00e0.  <\/p><h3>Maggiore sicurezza nelle transazioni online.<\/h3><p>Infine, \u00e8 importante notare che BE protegge le transazioni online dei suoi clienti. Grazie all&#8217;utilizzo di protocolli di sicurezza pensati per lo scambio di informazioni riservate, i rischi di frode e furto di dati sono ridotti. Ovviamente, questo non \u00e8 possibile sui siti privi di Booking Engine, dove il cliente \u00e8 spesso costretto a inviare i dati della carta di credito via e-mail.  <\/p>\t\t\t\t\t\t\t\t<\/div>\n\t\t\t\t<\/div>\n\t\t\t\t<\/div>\n\t\t\t\t\t<\/div>\n\t\t\t\t<\/div>\n\t\t<div class=\"elementor-element elementor-element-6d3f6d1 e-flex e-con-boxed e-con e-parent\" data-id=\"6d3f6d1\" data-element_type=\"container\" data-e-type=\"container\">\n\t\t\t\t\t<div class=\"e-con-inner\">\n\t\t<div class=\"elementor-element elementor-element-47ec71a2 e-con-full e-flex e-con e-child\" data-id=\"47ec71a2\" data-element_type=\"container\" data-e-type=\"container\">\n\t\t\t\t<div class=\"elementor-element elementor-element-5f3cecac elementor-widget-tablet__width-inherit elementor-widget elementor-widget-heading\" data-id=\"5f3cecac\" data-element_type=\"widget\" data-e-type=\"widget\" data-widget_type=\"heading.default\">\n\t\t\t\t<div class=\"elementor-widget-container\">\n\t\t\t\t\t<h2 class=\"elementor-heading-title elementor-size-default\">Per hotel e appartamenti<\/h2>\t\t\t\t<\/div>\n\t\t\t\t<\/div>\n\t\t\t\t<div class=\"elementor-element elementor-element-d41205c elementor-widget-mobile__width-initial elementor-widget__width-initial elementor-widget elementor-widget-heading\" data-id=\"d41205c\" data-element_type=\"widget\" data-e-type=\"widget\" data-widget_type=\"heading.default\">\n\t\t\t\t<div class=\"elementor-widget-container\">\n\t\t\t\t\t<h2 class=\"elementor-heading-title elementor-size-default\">Il rapporto tra Booking Engine e OTA<\/h2>\t\t\t\t<\/div>\n\t\t\t\t<\/div>\n\t\t<div class=\"elementor-element elementor-element-2fcac9cf e-con-full e-flex e-con e-child\" data-id=\"2fcac9cf\" data-element_type=\"container\" data-e-type=\"container\">\n\t\t\t\t<div class=\"elementor-element elementor-element-3564883b elementor-widget__width-initial elementor-widget elementor-widget-text-editor\" data-id=\"3564883b\" data-element_type=\"widget\" data-e-type=\"widget\" data-widget_type=\"text-editor.default\">\n\t\t\t\t<div class=\"elementor-widget-container\">\n\t\t\t\t\t\t\t\t\t<p>Tra i vantaggi di avere un booking engine c&#8217;\u00e8 la possibilit\u00e0 di avere una maggiore indipendenza dalle OTA. Ma come gestire il rapporto tra il booking engine e i canali di distribuzione online? <\/p>\t\t\t\t\t\t\t\t<\/div>\n\t\t\t\t<\/div>\n\t\t\t\t<div class=\"elementor-element elementor-element-8cdf4ce elementor-widget__width-inherit elementor-widget elementor-widget-text-editor\" data-id=\"8cdf4ce\" data-element_type=\"widget\" data-e-type=\"widget\" data-widget_type=\"text-editor.default\">\n\t\t\t\t<div class=\"elementor-widget-container\">\n\t\t\t\t\t\t\t\t\t<p>Le OTA, anche se spesso chiedono commissioni elevate, sono le migliori vetrine per aumentare la visibilit\u00e0 della tua struttura. Non si pu\u00f2 dire che <a href=\"https:\/\/www.booking.com\/index.it.html?label=gen173nr-1DCAEoggI46AdIM1gEaHGIAQGYARS4ARfIAQzYAQPoAQGIAgGoAgO4AsWhlo8GwAIB0gIkMGUyYTJiZTUtZDY1MC00MDIxLThiYjItNjQ5ZDYxZmM1MjM02AIE4AIB;sid=5b4b5b913bc8cd42dc3992694cb6b772;keep_landing=1&amp;sb_price_type=total&amp;\">Booking.com<\/a> aiuti a portare clienti.<\/p><p>Inoltre, spesso un cliente che proviene da un&#8217;OTA finisce per visitare anche il sito web, se interessato a prenotare. Quindi i portali, oltre alla visibilit\u00e0, portano anche traffico al sito web.<\/p>\t\t\t\t\t\t\t\t<\/div>\n\t\t\t\t<\/div>\n\t\t\t\t<\/div>\n\t\t\t\t<\/div>\n\t\t\t\t\t<\/div>\n\t\t\t\t<\/div>\n\t\t<div class=\"elementor-element elementor-element-5d414cf5 e-flex e-con-boxed e-con e-parent\" data-id=\"5d414cf5\" data-element_type=\"container\" data-e-type=\"container\">\n\t\t\t\t\t<div class=\"e-con-inner\">\n\t\t\t\t<div class=\"elementor-element elementor-element-40f72bca elementor-widget elementor-widget-spacer\" data-id=\"40f72bca\" data-element_type=\"widget\" data-e-type=\"widget\" data-widget_type=\"spacer.default\">\n\t\t\t\t<div class=\"elementor-widget-container\">\n\t\t\t\t\t\t\t<div class=\"elementor-spacer\">\n\t\t\t<div class=\"elementor-spacer-inner\"><\/div>\n\t\t<\/div>\n\t\t\t\t\t\t<\/div>\n\t\t\t\t<\/div>\n\t\t\t\t\t<\/div>\n\t\t\t\t<\/div>\n\t\t<div class=\"elementor-element elementor-element-443cfb3c e-flex e-con-boxed e-con e-parent\" data-id=\"443cfb3c\" data-element_type=\"container\" data-e-type=\"container\">\n\t\t\t\t\t<div class=\"e-con-inner\">\n\t\t<div class=\"elementor-element elementor-element-7d476b20 e-con-full e-flex e-con e-child\" data-id=\"7d476b20\" data-element_type=\"container\" data-e-type=\"container\" data-settings=\"{&quot;background_background&quot;:&quot;classic&quot;}\">\n\t\t<div class=\"elementor-element elementor-element-6ef484f6 e-con-full e-flex e-con e-child\" data-id=\"6ef484f6\" data-element_type=\"container\" data-e-type=\"container\">\n\t\t\t\t<\/div>\n\t\t<div class=\"elementor-element elementor-element-7fb42bf5 e-con-full e-flex e-con e-child\" data-id=\"7fb42bf5\" data-element_type=\"container\" data-e-type=\"container\">\n\t\t\t\t<\/div>\n\t\t\t\t<\/div>\n\t\t<div class=\"elementor-element elementor-element-c35208b e-con-full e-flex e-con e-child\" data-id=\"c35208b\" data-element_type=\"container\" data-e-type=\"container\" data-settings=\"{&quot;background_background&quot;:&quot;classic&quot;}\">\n\t\t<div class=\"elementor-element elementor-element-758fe3d7 e-con-full e-flex e-con e-child\" data-id=\"758fe3d7\" data-element_type=\"container\" data-e-type=\"container\" data-settings=\"{&quot;background_background&quot;:&quot;classic&quot;}\">\n\t\t<div class=\"elementor-element elementor-element-6cfd62ff e-con-full e-flex e-con e-child\" data-id=\"6cfd62ff\" data-element_type=\"container\" data-e-type=\"container\">\n\t\t\t\t<div class=\"elementor-element elementor-element-bc70c34 elementor-widget-mobile__width-initial elementor-widget__width-initial elementor-widget elementor-widget-heading\" data-id=\"bc70c34\" data-element_type=\"widget\" data-e-type=\"widget\" data-widget_type=\"heading.default\">\n\t\t\t\t<div class=\"elementor-widget-container\">\n\t\t\t\t\t<h2 class=\"elementor-heading-title elementor-size-default\">Caratteristiche di RoomCloud<\/h2>\t\t\t\t<\/div>\n\t\t\t\t<\/div>\n\t\t\t\t<div class=\"elementor-element elementor-element-1b0b2f99 elementor-widget elementor-widget-text-editor\" data-id=\"1b0b2f99\" data-element_type=\"widget\" data-e-type=\"widget\" data-widget_type=\"text-editor.default\">\n\t\t\t\t<div class=\"elementor-widget-container\">\n\t\t\t\t\t\t\t\t\t<ul><li>Elimina il costo dell&#8217;intermediario<\/li><li>Massimizza il numero di prenotazioni dirette<\/li><li>Fornisci un servizio completo di prenotazione on-line attraverso il tuo sito web ufficiale<\/li><li>Motore di prenotazione integrato con i principali motori <a href=\"\/it\/metasearch\/\">di metasearch <\/a><a href=\"\/it\/metasearch\/google-hotel-price-ads\/\">(Google Hotel Ads<\/a>, <a href=\"\/it\/metasearch\/trivago\/\">trivago<\/a>, <a href=\"\/it\/metasearch\/tripadvisor\/\">TripAdvisor<\/a>)<\/li><li>Senza dover pagare commissioni, senza vincoli e gestiti automaticamente<\/li><li>Dashboard con statistiche approfondite su visite e prenotazioni in tempo reale<\/li><li><a href=\"\/it\/certificato-pci\/\">Certificato PCI<\/a><\/li><li>RoomCloud \u00e8 uno dei <a href=\"https:\/\/www.hotelminder.com\/best-hotel-website-booking-engines\" target=\"_blank\" rel=\"noopener\">10 migliori motori di prenotazione<\/a> del 2022 secondo HotelMinder.<\/li><\/ul><p>RoomCloud Booking Engine \u00e8 il software di prenotazione online per hotel e appartamenti che stavi cercando!<\/p><p>Ricevi prenotazioni attraverso il tuo sito web! Elimina i costi aggiuntivi, aumenta il numero di prenotazioni dirette e le entrate dell&#8217;hotel.<\/p>\t\t\t\t\t\t\t\t<\/div>\n\t\t\t\t<\/div>\n\t\t\t\t<\/div>\n\t\t\t\t<\/div>\n\t\t\t\t<\/div>\n\t\t\t\t\t<\/div>\n\t\t\t\t<\/div>\n\t\t<div class=\"elementor-element elementor-element-998bbe8 e-flex e-con-boxed e-con e-parent\" data-id=\"998bbe8\" data-element_type=\"container\" data-e-type=\"container\" data-settings=\"{&quot;background_background&quot;:&quot;classic&quot;}\">\n\t\t\t\t\t<div class=\"e-con-inner\">\n\t\t<div class=\"elementor-element elementor-element-e13fee7 e-con-full e-flex e-con e-child\" data-id=\"e13fee7\" data-element_type=\"container\" data-e-type=\"container\" data-settings=\"{&quot;background_background&quot;:&quot;classic&quot;}\">\n\t\t<div class=\"elementor-element elementor-element-85d3207 e-con-full e-flex e-con e-child\" data-id=\"85d3207\" data-element_type=\"container\" data-e-type=\"container\">\n\t\t\t\t<div class=\"elementor-element elementor-element-5bb130c elementor-widget elementor-widget-image\" data-id=\"5bb130c\" data-element_type=\"widget\" data-e-type=\"widget\" data-widget_type=\"image.default\">\n\t\t\t\t<div class=\"elementor-widget-container\">\n\t\t\t\t\t\t\t\t\t\t\t\t\t\t\t<img decoding=\"async\" width=\"714\" height=\"180\" src=\"https:\/\/www.roomcloud.net\/wp-content\/uploads\/2025\/06\/banner-be-it.png\" class=\"attachment-large size-large wp-image-7515\" alt=\"banner-booking engine-it\" srcset=\"https:\/\/www.roomcloud.net\/wp-content\/uploads\/2025\/06\/banner-be-it.png 714w, https:\/\/www.roomcloud.net\/wp-content\/uploads\/2025\/06\/banner-be-it-300x76.png 300w\" sizes=\"(max-width: 714px) 100vw, 714px\" \/>\t\t\t\t\t\t\t\t\t\t\t\t\t\t\t<\/div>\n\t\t\t\t<\/div>\n\t\t\t\t<\/div>\n\t\t<div class=\"elementor-element elementor-element-a19d218 e-con-full e-flex e-con e-child\" data-id=\"a19d218\" data-element_type=\"container\" data-e-type=\"container\">\n\t\t\t\t<div class=\"elementor-element elementor-element-a3473a7 elementor-align-right elementor-widget elementor-widget-button\" data-id=\"a3473a7\" data-element_type=\"widget\" data-e-type=\"widget\" data-widget_type=\"button.default\">\n\t\t\t\t<div class=\"elementor-widget-container\">\n\t\t\t\t\t\t\t\t\t<div class=\"elementor-button-wrapper\">\n\t\t\t\t\t<a class=\"elementor-button elementor-button-link elementor-size-sm\" href=\"\/it\/iscriviti\/\">\n\t\t\t\t\t\t<span class=\"elementor-button-content-wrapper\">\n\t\t\t\t\t\t\t\t\t<span class=\"elementor-button-text\">Richiedi la tua demo gratuita<\/span>\n\t\t\t\t\t<\/span>\n\t\t\t\t\t<\/a>\n\t\t\t\t<\/div>\n\t\t\t\t\t\t\t\t<\/div>\n\t\t\t\t<\/div>\n\t\t\t\t<\/div>\n\t\t\t\t<\/div>\n\t\t\t\t\t<\/div>\n\t\t\t\t<\/div>\n\t\t<div class=\"elementor-element elementor-element-1252e841 e-flex e-con-boxed e-con e-parent\" data-id=\"1252e841\" data-element_type=\"container\" data-e-type=\"container\">\n\t\t\t\t\t<div class=\"e-con-inner\">\n\t\t\t\t<div class=\"elementor-element elementor-element-4a73ff9f elementor-widget elementor-widget-spacer\" data-id=\"4a73ff9f\" data-element_type=\"widget\" data-e-type=\"widget\" data-widget_type=\"spacer.default\">\n\t\t\t\t<div class=\"elementor-widget-container\">\n\t\t\t\t\t\t\t<div class=\"elementor-spacer\">\n\t\t\t<div class=\"elementor-spacer-inner\"><\/div>\n\t\t<\/div>\n\t\t\t\t\t\t<\/div>\n\t\t\t\t<\/div>\n\t\t\t\t\t<\/div>\n\t\t\t\t<\/div>\n\t\t\t\t<\/div>\n\t\t","protected":false},"excerpt":{"rendered":"<p>Booking Engine RoomCloud Booking Engine per hotel e appartamenti RoomCloud Booking Engine ti permette di vendere direttamente tramite il tuo sito web. Perch\u00e9 ti serve un Booking Engine Non importa se possiedi un hotel, un b&amp;b o un appartamento. Molte persone che visitano il sito web del tuo hotel o appartamento hanno prenotato attraverso un [&hellip;]<\/p>\n","protected":false},"author":1,"featured_media":0,"parent":0,"menu_order":0,"comment_status":"closed","ping_status":"closed","template":"","meta":{"inline_featured_image":false,"footnotes":""},"class_list":["post-7263","page","type-page","status-publish","hentry"],"_links":{"self":[{"href":"https:\/\/www.roomcloud.net\/it\/wp-json\/wp\/v2\/pages\/7263","targetHints":{"allow":["GET"]}}],"collection":[{"href":"https:\/\/www.roomcloud.net\/it\/wp-json\/wp\/v2\/pages"}],"about":[{"href":"https:\/\/www.roomcloud.net\/it\/wp-json\/wp\/v2\/types\/page"}],"author":[{"embeddable":true,"href":"https:\/\/www.roomcloud.net\/it\/wp-json\/wp\/v2\/users\/1"}],"replies":[{"embeddable":true,"href":"https:\/\/www.roomcloud.net\/it\/wp-json\/wp\/v2\/comments?post=7263"}],"version-history":[{"count":0,"href":"https:\/\/www.roomcloud.net\/it\/wp-json\/wp\/v2\/pages\/7263\/revisions"}],"wp:attachment":[{"href":"https:\/\/www.roomcloud.net\/it\/wp-json\/wp\/v2\/media?parent=7263"}],"curies":[{"name":"wp","href":"https:\/\/api.w.org\/{rel}","templated":true}]}}